{"id":32412,"date":"2011-05-03T07:35:27","date_gmt":"2011-05-03T01:35:27","guid":{"rendered":"http:\/\/jusac.net\/?page_id=97"},"modified":"2011-05-03T07:35:27","modified_gmt":"2011-05-03T01:35:27","slug":"tramites-administrativos","status":"publish","type":"page","link":"https:\/\/jusac-nuevo.usac.edu.gt\/?page_id=32412","title":{"rendered":"Solicitar Tr\u00e1mite de Equivalencia de Cursos"},"content":{"rendered":"\t\t<div data-elementor-type=\"wp-page\" data-elementor-id=\"32412\" class=\"elementor elementor-32412\">\n\t\t\t\t\t\t<section class=\"elementor-section elementor-top-section elementor-element elementor-element-5cfcfd3e elementor-section-boxed elementor-section-height-default elementor-section-height-default\" data-id=\"5cfcfd3e\" data-element_type=\"section\" data-e-type=\"section\">\n\t\t\t\t\t\t<div class=\"elementor-container elementor-column-gap-default\">\n\t\t\t\t\t<div class=\"elementor-column elementor-col-100 elementor-top-column elementor-element elementor-element-54e52159\" data-id=\"54e52159\" data-element_type=\"column\" data-e-type=\"column\">\n\t\t\t<div class=\"elementor-widget-wrap elementor-element-populated\">\n\t\t\t\t\t\t<div class=\"elementor-element elementor-element-7bdbf128 elementor-widget elementor-widget-text-editor\" data-id=\"7bdbf128\" data-element_type=\"widget\" data-e-type=\"widget\" data-widget_type=\"text-editor.default\">\n\t\t\t\t<div class=\"elementor-widget-container\">\n\t\t\t\t\t\t\t\t\t<h4 style=\"text-align: center;\"><strong><span style=\"color: #ff6600;\">\u00abMANUAL DE PROCESO PARA <span style=\"color: #0000ff;\">SOLICITAR TR\u00c1MITE DE EQUIVALENCIA DE CURSOS <span style=\"color: #ff6600;\">EN ESTE\u00a0CENTRO UNIVERSITARIO DE JUTIAPA\u00bb<\/span>\u00a0<\/span><\/span><\/strong><\/h4><p style=\"text-align: justify;\">El Centro Universitario de Jutiapa actualmente acepta la solicitud de tramite de equivalencia de cursos entre las diferentes facultades del campus central, unidades acad\u00e9micas (centros Universitarios) de la Universidad de San Carlos de los diferentes departamentos de la rep\u00fablica, <span style=\"color: #ff0000;\"><strong>siempre y cuando, las carreras y los cursos que el o la estudiante haya aprobado en dichos lugares, sean similares o afines en cuanto al nombre del curso y los contenidos de los mismos, sean similares en un 80% entre los que se imparten en este centro universitario de jutiapa.<\/strong><\/span><\/p><p style=\"text-align: justify;\"><span style=\"color: #000000;\">para el efecto, el o la estudiante interesad@ deben de realizar los siguientes 02 pasos:<\/span><\/p><h4 style=\"text-align: center;\"><span style=\"text-decoration: underline; color: #003300;\"><span style=\"text-decoration: underline;\"><strong>REQUISITOS PARA SOLICITUD DE TR\u00c1MITE DE EQUIVALENCIAS PARA ESTUDIOS EFECTUADOS EN LA UNIVERSIDAD DE SAN CARLOS DE GUATEMALA<\/strong><\/span><\/span><\/h4><p style=\"text-align: center;\"><img decoding=\"async\" class=\"emoji\" role=\"img\" draggable=\"false\" src=\"https:\/\/s.w.org\/images\/core\/emoji\/14.0.0\/svg\/1f447-1f3fb.svg\" alt=\"\ud83d\udc47\ud83c\udffb\" \/><img decoding=\"async\" class=\"emoji\" role=\"img\" draggable=\"false\" src=\"https:\/\/s.w.org\/images\/core\/emoji\/14.0.0\/svg\/1f447-1f3fb.svg\" alt=\"\ud83d\udc47\ud83c\udffb\" \/><img decoding=\"async\" class=\"emoji\" role=\"img\" draggable=\"false\" src=\"https:\/\/s.w.org\/images\/core\/emoji\/14.0.0\/svg\/1f447-1f3fb.svg\" alt=\"\ud83d\udc47\ud83c\udffb\" \/><img decoding=\"async\" class=\"emoji\" role=\"img\" draggable=\"false\" src=\"https:\/\/s.w.org\/images\/core\/emoji\/14.0.0\/svg\/1f447-1f3fb.svg\" alt=\"\ud83d\udc47\ud83c\udffb\" \/><img decoding=\"async\" class=\"emoji\" role=\"img\" draggable=\"false\" src=\"https:\/\/s.w.org\/images\/core\/emoji\/14.0.0\/svg\/1f447-1f3fb.svg\" alt=\"\ud83d\udc47\ud83c\udffb\" \/><img decoding=\"async\" class=\"emoji\" role=\"img\" draggable=\"false\" src=\"https:\/\/s.w.org\/images\/core\/emoji\/14.0.0\/svg\/1f447-1f3fb.svg\" alt=\"\ud83d\udc47\ud83c\udffb\" \/><\/p><h4 style=\"text-align: justify;\"><span style=\"text-decoration: underline;\"><span style=\"color: #ff0000; text-decoration: underline;\"><strong>PASO NO. 01:\u00a0<\/strong><\/span><\/span><span style=\"color: #800080;\"><strong>El o la estudiante previo a solicitar tr\u00e1mite de equivalencias, <\/strong><\/span><span style=\"color: #800080;\"><strong>debe de obtener con previa anticipaci\u00f3n los siguientes documentos <span style=\"color: #0000ff;\">(requisitos),<\/span> enumerados y enlistados a continuaci\u00f3n:<\/strong><\/span><\/h4><p style=\"text-align: center;\"><img decoding=\"async\" class=\"emoji\" role=\"img\" draggable=\"false\" src=\"https:\/\/s.w.org\/images\/core\/emoji\/14.0.0\/svg\/1f447-1f3fb.svg\" alt=\"\ud83d\udc47\ud83c\udffb\" \/><img decoding=\"async\" class=\"emoji\" role=\"img\" draggable=\"false\" src=\"https:\/\/s.w.org\/images\/core\/emoji\/14.0.0\/svg\/1f447-1f3fb.svg\" alt=\"\ud83d\udc47\ud83c\udffb\" \/><img decoding=\"async\" class=\"emoji\" role=\"img\" draggable=\"false\" src=\"https:\/\/s.w.org\/images\/core\/emoji\/14.0.0\/svg\/1f447-1f3fb.svg\" alt=\"\ud83d\udc47\ud83c\udffb\" \/><img decoding=\"async\" class=\"emoji\" role=\"img\" draggable=\"false\" src=\"https:\/\/s.w.org\/images\/core\/emoji\/14.0.0\/svg\/1f447-1f3fb.svg\" alt=\"\ud83d\udc47\ud83c\udffb\" \/><img decoding=\"async\" class=\"emoji\" role=\"img\" draggable=\"false\" src=\"https:\/\/s.w.org\/images\/core\/emoji\/14.0.0\/svg\/1f447-1f3fb.svg\" alt=\"\ud83d\udc47\ud83c\udffb\" \/><img decoding=\"async\" class=\"emoji\" role=\"img\" draggable=\"false\" src=\"https:\/\/s.w.org\/images\/core\/emoji\/14.0.0\/svg\/1f447-1f3fb.svg\" alt=\"\ud83d\udc47\ud83c\udffb\" \/><\/p><h6 style=\"text-align: justify;\"><span style=\"color: #000000;\"><strong><span style=\"color: #800080;\"><span style=\"color: #993366;\">1.<\/span> <\/span><span style=\"color: #000080;\">Un formulario impreso a color y legible de <span style=\"color: #008000;\">Solicitud de Tr\u00e1mite de Equivalencias, <\/span><\/span><\/strong><\/span><span style=\"color: #000000;\"><strong><span style=\"color: #000080;\"><span style=\"color: #ff0000;\">llenado y firmado completamente a mano <\/span><\/span><\/strong><\/span><span style=\"color: #000000;\"><strong><span style=\"color: #000080;\"><span style=\"color: #ff0000;\"><span style=\"color: #0000ff;\">(con lapicero color azul).<\/span><\/span><\/span><\/strong><\/span><\/h6><h6 style=\"text-align: justify;\"><strong><span style=\"color: #000000;\">el cual, se puede visualizar y DESCARGAR por medio del SIGUIENTE ENLACE: <\/span><\/strong><span style=\"color: #000000;\">\u00a0<\/span><\/h6><h5 style=\"text-align: center;\"><span style=\"color: #000000;\"> \u00a0\u00a0<\/span><span style=\"color: #000000;\">\u00a0 \u00a0 \u00a0 \u00a0<\/span><a href=\"https:\/\/registro.usac.edu.gt\/formularios_rye\/f5.pdf\" target=\"_blank\" rel=\"noopener\"><span style=\"color: #ff00ff;\"><strong>(CLIC AQU\u00cd PARA DESCARGAR EL FORMULARIO COMPLETAMENTE VAC\u00cdO EN FORMATO .PDF PARA SOLICITAR TR\u00c1MITE DE EQUIVALENCIAS)<\/strong><\/span><\/a><\/h5><p style=\"text-align: center;\"><img fetchpriority=\"high\" decoding=\"async\" class=\"alignnone size-medium wp-image-29366\" src=\"https:\/\/jusac.usac.edu.gt\/wp-content\/uploads\/2023\/03\/solicitu-de-equivalencias-235x300.jpg\" alt=\"\" width=\"235\" height=\"300\" \/><\/p><h5 style=\"text-align: center;\"><a href=\"https:\/\/jusac.usac.edu.gt\/wp-content\/uploads\/2023\/03\/EJEMPLO-DE-FORMULARIO-PARA-TRAMITE-DE-EQUIVALENCIAS.pdf\" target=\"_blank\" rel=\"noopener\"><span style=\"color: #ff00ff;\"><strong>(CLIC AQU\u00cd PARA ABRIR Y VER UN EJEMPLO SOBRE COMO DEBE DE RELLENAR CORRECTAMENTE SU FORMULARIO DE SOLICITUD DE TR\u00c1MITE DE EQUIVALENCIAS EN .PDF)<\/strong><\/span><\/a><\/h5><h5 style=\"text-align: center;\"><span style=\"color: #0000ff;\"><strong>\u00abSI DESCONOCE O NO ESTA SEGUR@ DE LOS DATOS QUE SE DEBEN ANOTAR, EL FORMULARIO TAMBI\u00c9N PUEDE LLENARSE EL D\u00cdA QUE SE PRESENTE EN LA OFICINA DE CONTROL ACAD\u00c9MICO\u00bb<\/strong><\/span><\/h5><h4 style=\"text-align: center;\"><strong>_____________________________________________________________________________________<\/strong><\/h4><h6 style=\"text-align: justify;\"><span style=\"color: #000000;\"><strong><span style=\"color: #800080;\"><span style=\"color: #993366;\">2.\u00a0<\/span><\/span><\/strong><\/span><strong><span style=\"color: #800080;\"><span style=\"color: #000080;\">I<\/span><\/span><span style=\"color: #000080;\">mpresi\u00f3n original, completa y legible de la <span style=\"color: #008000;\">Constancia de Inscripci\u00f3n de su nueva carrera, <span style=\"color: #ff0000;\">en la cual, requiere solicitar tr\u00e1mite de equivalencia de cursos.<\/span><\/span><\/span><\/strong><\/h6><p><img decoding=\"async\" class=\"alignnone size-full wp-image-9165\" src=\"http:\/\/jusac.usac.edu.gt\/wp-content\/uploads\/2020\/12\/56.jpg\" alt=\"\" width=\"1026\" height=\"539\" \/><\/p><h6 style=\"text-align: justify;\"><span style=\"color: #0000ff;\"><strong>si aun no la posee, esta se genera y se obtiene siguiendo los pasos del siguiente tutorial:<\/strong><\/span><\/h6><h4 style=\"text-align: center;\"><strong><span style=\"color: #000000;\"><span style=\"color: #ff0000;\"> <a href=\"https:\/\/jusac.usac.edu.gt\/?page_id=8756\" target=\"_blank\" rel=\"noopener\"><span style=\"color: #ff00ff;\">https:\/\/jusac.usac.edu.gt\/?page_id=8756<\/span><\/a><\/span><\/span><\/strong><strong><span style=\"color: #000080;\"><span style=\"color: #008000;\"><span style=\"color: #ff0000;\">\u00a0<\/span><\/span><\/span><\/strong><\/h4><h4 style=\"text-align: center;\"><strong>_____________________________________________________________________________________<\/strong><\/h4><h6 style=\"text-align: justify;\"><span style=\"color: #000000;\"><strong><span style=\"color: #800080;\"><span style=\"color: #993366;\">3.\u00a0<\/span><\/span><\/strong><\/span><strong style=\"font-size: 1.1em;\"><span style=\"color: #800080;\"><span style=\"color: #000080;\">I<\/span><\/span><span style=\"color: #000080;\">mpresi\u00f3n original a color, completa y legible de <span style=\"color: #008000;\">una<\/span> <span style=\"color: #008000;\">Certificaci\u00f3n de cursos aprobados de la carrera que estudiaba anteriormente<\/span> y la cual debe de ser solicitada y <\/span><\/strong><strong style=\"color: #0000ff; font-size: 16px;\">extendida por la facultad del campus central, Unidad Acad\u00e9mica (centro Universitario) en donde estudiaba anteriormente, <span style=\"color: #000080;\">debiendo especificar:<\/span><\/strong><\/h6><ul><li><h6><span style=\"color: #ff0000;\"><strong>Nombres completos de los cursos<\/strong><\/span><\/h6><\/li><li><h6><span style=\"color: #ff0000;\"><strong>Punteo obtenido en n\u00fameros y letras<\/strong><\/span><\/h6><\/li><li><h6><span style=\"color: #ff0000;\"><strong>Fecha de la aprobaci\u00f3n de los cursos<\/strong><\/span><\/h6><\/li><\/ul><p style=\"text-align: center;\"><img decoding=\"async\" class=\"alignnone size-medium wp-image-27216\" src=\"https:\/\/jusac.usac.edu.gt\/wp-content\/uploads\/2023\/01\/Captura-de-pantalla-2023-01-17-023947-300x162.png\" alt=\"\" width=\"300\" height=\"162\" \/><\/p><h6 style=\"text-align: center;\"><strong><span style=\"color: #000000;\"><span style=\"color: #0000ff;\">si aun no la posee, esta se solicita y se genera:<\/span><\/span><\/strong><\/h6><h6 style=\"text-align: center;\"><span style=\"color: #003300;\"><strong>-de manera presencial solicit\u00e1ndola en la unidad de control acad\u00e9mico de su facultad o unidad acad\u00e9mica <span style=\"color: #0000ff;\">(centro universitario)<\/span> en el que estaba estudiando anteriormente. <span style=\"color: #ff6600;\">para obtenerla debe de buscar dicha informaci\u00f3n en p\u00e1ginas web o redes sociales<\/span><\/strong><\/span><\/h6><h6 style=\"text-align: center;\"><span style=\"color: #003300;\"><strong>-o digitalmente solicit\u00e1ndola en l\u00ednea en la plataforma web de control acad\u00e9mico de la facultad o unidad acad\u00e9mica <span style=\"color: #0000ff;\">(centro universitario)<\/span> en el que estaba estudiando anteriormente. <\/strong><\/span><span style=\"color: #003300;\"><strong><span style=\"color: #ff6600;\">para obtenerla debe de buscar dicha informaci\u00f3n en plataforma de control acad\u00e9mico en linea, p\u00e1ginas web o redes sociales<\/span><\/strong><\/span><\/h6><h4 style=\"text-align: center;\"><strong>_____________________________________________________________________________________<\/strong><\/h4><h6 style=\"text-align: justify;\"><span style=\"color: #000000;\"><strong><span style=\"color: #800080;\"><span style=\"color: #993366;\">3. <\/span><\/span><\/strong><\/span><strong style=\"color: #0000ff; font-size: 16px;\"><span style=\"color: #000080;\">Fotocopia(s) del o los programa(s) de estudio(s) oficial(es) del ciclo acad\u00e9mico en que estos fueron aprobados,<\/span> <span style=\"color: #ff0000;\">debidamente firmados y sellados en todas y cada una de las hojas que dichos programas ocupen,<\/span> por la autoridad correspondiente: <span style=\"color: #003300;\">coordinador de la carrera de la facultado o unidad acad\u00e9mica<\/span> (centro universitario) <span style=\"color: #003300;\">en donde estudiaba anteriormente.<\/span><\/strong><\/h6><h4 style=\"text-align: center;\"><span style=\"color: #ff6600;\"><strong>\u00ablos programas que el o la estudiante adjunte al expediente de equivalencias firmados y sellados, deben de ser solamente de los cursos en los cuales va a solicitar equivalencias\u00bb<\/strong><\/span><\/h4><p style=\"text-align: center;\"><img loading=\"lazy\" decoding=\"async\" class=\"alignleft wp-image-29348 \" src=\"https:\/\/jusac.usac.edu.gt\/wp-content\/uploads\/2023\/03\/programa1.jpg\" alt=\"\" width=\"271\" height=\"351\" \/><\/p><p><img loading=\"lazy\" decoding=\"async\" class=\"alignnone wp-image-29349 \" src=\"https:\/\/jusac.usac.edu.gt\/wp-content\/uploads\/2023\/03\/programa2.jpg\" alt=\"\" width=\"243\" height=\"332\" \/><\/p><h4 style=\"text-align: center;\"><strong>_____________________________________________________________________________________<\/strong><\/h4><h6 style=\"text-align: justify;\"><span style=\"color: #000000;\"><strong><span style=\"color: #800080;\"><span style=\"color: #993366;\">4. <span style=\"text-decoration: underline;\">Opcional, si lo puede obtener:<\/span> <\/span><\/span><\/strong><\/span><strong style=\"color: #0000ff; font-size: 16px;\"><span style=\"color: #000080;\">Trifoliar o cat\u00e1logo del Pensum de Estudios en original o fotocopia, del a\u00f1o en que aprob\u00f3 los cursos,<\/span> <span style=\"color: #ff0000;\">debidamente firmado y sellado por la autoridad correspondiente:<\/span>\u00a0<\/strong><strong style=\"color: #0000ff; font-size: 16px;\"><span style=\"color: #003300;\">coordinador de la carrera de la facultado o unidad acad\u00e9mica<\/span> (centro universitario) <span style=\"color: #003300;\">en donde estudiaba anteriormente.<\/span><\/strong><\/h6><p style=\"text-align: center;\"><img loading=\"lazy\" decoding=\"async\" class=\"alignnone wp-image-29359 size-full\" src=\"https:\/\/jusac.usac.edu.gt\/wp-content\/uploads\/2023\/03\/pensum-otra-unidad.jpg\" alt=\"\" width=\"1023\" height=\"621\" \/><\/p><h4 style=\"text-align: center;\"><strong>_____________________________________________________________________________________<\/strong><\/h4><h4 style=\"text-align: justify;\"><span style=\"text-decoration: underline;\"><span style=\"color: #800080; text-decoration: underline;\"><strong><span style=\"color: #ff0000; text-decoration: underline;\">PASO NO. 02: <\/span><\/strong><\/span><\/span><span style=\"color: #800080;\"><strong>OBTENIDOS Y RECOLECTADOS TODOS LOS DOCUMENTOS <span style=\"color: #0000ff;\">(REQUISITOS)<\/span> PARA LA SOLICITUD DE TR\u00c1MITE DE EQUIVALENCIAS, <\/strong><\/span><span style=\"color: #800080;\"><strong>EL O LA ESTUDIANTE D<\/strong><\/span><span style=\"color: #800080;\"><strong>EBE DE PRESENTARSE PERSONALMENTE A NUESTRAS OFICINAS ADMINISTRATIVAS DE -JUSAC-<\/strong><\/span><span style=\"color: #800080;\"><strong>:<\/strong><\/span><\/h4><div>\u00a0<\/div><h4 style=\"text-align: center;\"><span style=\"color: #ff00ff;\"><strong>5\u00aa. Avenida 2-03, Calzada los Almendros Zona 3, Jutiapa<\/strong><\/span><\/h4><h4 style=\"text-align: center;\"><span style=\"color: #0000ff;\"><strong>en donde se encuentra la oficina de CONTROL ACAD\u00c9MICO -JUSAC-<\/strong><\/span><\/h4><h4 style=\"text-align: center;\"><span style=\"color: #ff0000;\"><strong>con atenci\u00f3n presencial \u00fanicamente en horario de<\/strong><\/span><\/h4><h4 style=\"text-align: center;\"><span style=\"color: #ff0000;\"><strong> lunes a viernes de 14:00 a 20:00 hrs.<\/strong><\/span><\/h4><p style=\"text-align: center;\"><img loading=\"lazy\" decoding=\"async\" class=\"alignnone wp-image-14924 \" src=\"https:\/\/jusac.usac.edu.gt\/wp-content\/uploads\/2021\/05\/EDIFICIO-JUSAC.jpg\" alt=\"\" width=\"429\" height=\"365\" \/><\/p><h5 style=\"text-align: center;\"><span style=\"color: #000000;\"><strong>EN EL \u00c1REA DE RECEPCI\u00d3N, <span style=\"color: #ff0000;\">ANUNCIARSE QUE VA A SOLICITAR TR\u00c1MITE DE EQUIVALENCIA DE CURSOS<\/span> Y <span style=\"color: #0000ff;\">PREGUNTAR POR EL AUXILIAR DE CONTROL ACAD\u00c9MICO, <span style=\"color: #ff6600;\">SELVIN ELVIRA, <\/span><\/span><\/strong><\/span><span style=\"color: #003300;\"><strong>ENTREG\u00c1NDOLE A \u00c9L DE MANERA IMPRESA Y EN ORIGINAL, LA PAPELER\u00cdA DEL EXPEDIENTE DE SOLICITUD DE TR\u00c1MITE DE EQUIVALENCIAS.<\/strong><\/span><\/h5><h4 style=\"text-align: center;\"><strong>_____________________________________________________________________________________<\/strong><\/h4><h3 style=\"text-align: center;\"><strong><span style=\"color: #003300;\" data-darkreader-inline-color=\"\"><span style=\"color: #008000;\">\u00bfDUDAS O PREGUNTAS SOBRE EL PROCESO DE SOLICITUD DE TR\u00c1MITE DE EQUIVALENCIAS?\u00a0<\/span><\/span><\/strong><\/h3><div style=\"text-align: center;\"><span style=\"color: #008000;\"><b>env\u00edanos<\/b><\/span><span style=\"color: #003300;\" data-darkreader-inline-color=\"\"><span style=\"color: #008000;\"><b> un mensaje en el icono verde y redondo de whatsapp ubicado en la parte inferior derecha o escr\u00edbenos al CORREO ELECTR\u00d3NICO DE CONTROL ACAD\u00c9MICO:<\/b><\/span> <span style=\"color: #0000ff;\">controlacademicojusac@gmail.com<\/span><\/span><\/div><h3 style=\"text-align: center;\">\u00a0<\/h3><h2 style=\"text-align: center;\"><strong><span style=\"color: #000000;\" data-darkreader-inline-color=\"\">\u00abID Y ENSE\u00d1AD A TODOS\u00bb<\/span><\/strong><\/h2><div class=\"dc\" style=\"text-align: justify;\">\u00a0<\/div>\t\t\t\t\t\t\t\t<\/div>\n\t\t\t\t<\/div>\n\t\t\t\t\t<\/div>\n\t\t<\/div>\n\t\t\t\t\t<\/div>\n\t\t<\/section>\n\t\t\t\t<\/div>\n\t\t","protected":false},"excerpt":{"rendered":"<p>\u00abMANUAL DE PROCESO PARA SOLICITAR TR\u00c1MITE DE EQUIVALENCIA DE CURSOS EN ESTE\u00a0CENTRO UNIVERSITARIO DE JUTIAPA\u00bb\u00a0 El Centro Universitario de Jutiapa actualmente acepta la solicitud de tramite de equivalencia de cursos entre las diferentes facultades del campus central, unidades acad\u00e9micas (centros Universitarios) de la Universidad de San Carlos de los diferentes departamentos de la rep\u00fablica, siempre [&hellip;]<\/p>\n","protected":false},"author":2,"featured_media":0,"parent":32411,"menu_order":9,"comment_status":"open","ping_status":"open","template":"","meta":{"_joinchat":[],"footnotes":""},"class_list":["post-32412","page","type-page","status-publish","czr-hentry"],"_links":{"self":[{"href":"https:\/\/jusac-nuevo.usac.edu.gt\/index.php?rest_route=\/wp\/v2\/pages\/32412","targetHints":{"allow":["GET"]}}],"collection":[{"href":"https:\/\/jusac-nuevo.usac.edu.gt\/index.php?rest_route=\/wp\/v2\/pages"}],"about":[{"href":"https:\/\/jusac-nuevo.usac.edu.gt\/index.php?rest_route=\/wp\/v2\/types\/page"}],"author":[{"embeddable":true,"href":"https:\/\/jusac-nuevo.usac.edu.gt\/index.php?rest_route=\/wp\/v2\/users\/2"}],"replies":[{"embeddable":true,"href":"https:\/\/jusac-nuevo.usac.edu.gt\/index.php?rest_route=%2Fwp%2Fv2%2Fcomments&post=32412"}],"version-history":[{"count":0,"href":"https:\/\/jusac-nuevo.usac.edu.gt\/index.php?rest_route=\/wp\/v2\/pages\/32412\/revisions"}],"up":[{"embeddable":true,"href":"https:\/\/jusac-nuevo.usac.edu.gt\/index.php?rest_route=\/wp\/v2\/pages\/32411"}],"wp:attachment":[{"href":"https:\/\/jusac-nuevo.usac.edu.gt\/index.php?rest_route=%2Fwp%2Fv2%2Fmedia&parent=32412"}],"curies":[{"name":"wp","href":"https:\/\/api.w.org\/{rel}","templated":true}]}}