{"id":2321,"date":"2013-08-12T18:47:48","date_gmt":"2013-08-13T00:47:48","guid":{"rendered":"http:\/\/www.jusac.net\/?page_id=2321"},"modified":"2026-01-12T21:21:05","modified_gmt":"2026-01-13T03:21:05","slug":"administracion-de-empresas","status":"publish","type":"page","link":"https:\/\/jusac-nuevo.usac.edu.gt\/?page_id=2321","title":{"rendered":"Administraci\u00f3n de Empresas"},"content":{"rendered":"\t\t<div data-elementor-type=\"wp-page\" data-elementor-id=\"2321\" class=\"elementor elementor-2321\">\n\t\t\t\t<div class=\"elementor-element elementor-element-3010a1fa e-flex e-con-boxed e-con e-parent\" data-id=\"3010a1fa\" data-element_type=\"container\" data-e-type=\"container\">\n\t\t\t\t\t<div class=\"e-con-inner\">\n\t\t\t\t<div class=\"elementor-element elementor-element-60469dcd elementor-widget elementor-widget-text-editor\" data-id=\"60469dcd\" data-element_type=\"widget\" data-e-type=\"widget\" data-widget_type=\"text-editor.default\">\n\t\t\t\t<div class=\"elementor-widget-container\">\n\t\t\t\t\t\t\t\t\t<h3 style=\"text-align: center;\"><span style=\"color: #003300;\">PROGRAMAS DE ESTUDIOS\u00a0<\/span><\/h3><h3 style=\"text-align: center;\"><span style=\"color: #003300;\">DE LA CARRERA DE\u00a0LICENCIATURA EN\u00a0ADMINISTRACI\u00d3N\u00a0DE EMPRESAS\u00a0<\/span><\/h3><h3 style=\"text-align: center;\"><span style=\"color: #003300;\"><strong>LISTOS PARA SU DESCARGA E IMPRESI\u00d3N<\/strong><\/span><\/h3><p style=\"text-align: center;\"><span style=\"color: #000000;\"><strong>\u00a0(Necesita Acrobat Reader \u00f3 Foxit Reader para visualizarlos de lo contrario mostrar\u00e1 una p\u00e1gina en blanco)<\/strong><\/span><\/p><table border=\"0\" width=\"927\" cellspacing=\"0\" cellpadding=\"0\"><colgroup> <col width=\"75\" \/> <col width=\"181\" \/> <col width=\"80\" \/> <col width=\"75\" \/> <col width=\"180\" \/> <col width=\"80\" \/> <col width=\"75\" \/> <col width=\"181\" \/><\/colgroup><tbody><tr><td style=\"text-align: center;\" width=\"75\" height=\"33\"><span style=\"color: #ff0000;\"><strong>C\u00d3DIGO<\/strong><\/span><\/td><td style=\"text-align: center;\" width=\"181\"><span style=\"color: #ff0000;\"><strong>1ER. CICLO<\/strong><\/span><\/td><td style=\"text-align: center;\" width=\"80\">\u00a0<\/td><td style=\"text-align: center;\" width=\"75\"><span style=\"color: #ff0000;\"><strong>C\u00d3DIGO<\/strong><\/span><\/td><td style=\"text-align: center;\" width=\"180\"><span style=\"color: #ff0000;\"><strong>2DO. CICLO<\/strong><\/span><\/td><td width=\"80\">\u00a0<\/td><td style=\"text-align: center;\" width=\"75\"><span style=\"color: #ff0000;\"><strong>C\u00d3DIGO<\/strong><\/span><\/td><td style=\"text-align: center;\" width=\"181\"><span style=\"color: #ff0000;\"><strong>3ER. CICLO<\/strong><\/span><\/td><\/tr><tr><td style=\"text-align: center;\" height=\"41\"><em><strong>01410<\/strong><\/em><\/td><td style=\"text-align: center;\" width=\"181\"><span style=\"color: #0000ff;\"><strong>\u00a0<\/strong><\/span><span style=\"color: #000080;\"><strong><a href=\"https:\/\/jusac.usac.edu.gt\/wp-content\/uploads\/2014\/02\/01410-FUNDAMENTOS-TE\u00d3RICOS-DE-LAS-CIENCIAS-ECON\u00d3MICAS.pdf\" target=\"_blank\" rel=\"noopener\"><span style=\"color: #000080;\">FUNDAMENTOS TE\u00d3RICOS DE LAS CIENCIAS ECON\u00d3MICAS<\/span><\/a><\/strong><\/span><\/td><td>\u00a0<\/td><td style=\"text-align: center;\"><em><strong>02401<\/strong><\/em><\/td><td style=\"text-align: center;\" width=\"180\"><span style=\"color: #000080;\"><strong><a href=\"https:\/\/jusac.usac.edu.gt\/wp-content\/uploads\/2013\/09\/RECURSOS-ECON\u00d3MICOS-DE-CENTROAMERICA-CODIGO-02401.pdf\" target=\"_blank\" rel=\"noopener\"><span style=\"color: #000080;\">RECURSOS ECON\u00d3MICOS DE CENTROAM\u00c9RICA<\/span><\/a><\/strong><\/span><\/td><td>\u00a0<\/td><td style=\"text-align: center;\"><strong><em>03402<\/em><\/strong><\/td><td style=\"text-align: center;\" width=\"181\"><strong>\u00a0<span style=\"color: #000080;\"><a href=\"https:\/\/jusac.usac.edu.gt\/wp-content\/uploads\/2014\/02\/03402-CONTABILIDAD-I.pdf\" target=\"_blank\" rel=\"noopener\"><span style=\"color: #000080;\">CONTABILIDAD I<\/span><\/a><\/span><\/strong><\/td><\/tr><tr><td style=\"text-align: center;\" height=\"40\"><em><strong>01420<\/strong><\/em><\/td><td style=\"text-align: center;\"><span style=\"color: #000080;\"><a href=\"https:\/\/jusac.usac.edu.gt\/wp-content\/uploads\/2014\/02\/01420-DERECHO-I.pdf\" target=\"_blank\" rel=\"noopener\"><span style=\"color: #000080;\">\u00a0<strong>DERECHO I<\/strong><\/span><\/a><\/span><\/td><td>\u00a0<\/td><td style=\"text-align: center;\"><em><strong>02411<\/strong><\/em><\/td><td style=\"text-align: center;\" width=\"180\"><span style=\"color: #000080;\"><strong><a href=\"https:\/\/jusac.usac.edu.gt\/wp-content\/uploads\/2013\/09\/ELEMENTOS-DE-L\u00d3GICA-FORMAL-Y-L\u00d3GICA-DIAL\u00c9CTICA-C\u00d3DIGO-02411.pdf\" target=\"_blank\" rel=\"noopener\"><span style=\"color: #000080;\">ELEMENTOS DE L\u00d3GICA FORMAL Y L\u00d3GICA DIAL\u00c9CTICA<\/span><\/a><\/strong><\/span><\/td><td>\u00a0<\/td><td style=\"text-align: center;\"><strong><em>03403<\/em><\/strong><\/td><td style=\"text-align: center;\" width=\"181\"><span style=\"color: #000080;\"><strong><a href=\"https:\/\/jusac.usac.edu.gt\/wp-content\/uploads\/2014\/02\/03403-CIENCIA-POL\u00cdTICA.pdf\" target=\"_blank\" rel=\"noopener\"><span style=\"color: #000080;\">\u00a0CIENCIA POL\u00cdTICA<\/span><\/a><\/strong><\/span><\/td><\/tr><tr><td style=\"text-align: center;\" height=\"21\"><em><strong>01430<\/strong><\/em><\/td><td style=\"text-align: center;\"><span style=\"color: #000080;\"><a href=\"https:\/\/jusac.usac.edu.gt\/wp-content\/uploads\/2014\/02\/01430-T\u00c9CNICAS-DE-INVESTIGACI\u00d3N-DOCUMENTAL.pdf\" target=\"_blank\" rel=\"noopener\"><span style=\"color: #000080;\"><strong>T\u00c9CNICAS DE INVESTIGACI\u00d3N DOCUMENTAL<\/strong><\/span><\/a><\/span><\/td><td>\u00a0<\/td><td style=\"text-align: center;\"><em><strong>02440<\/strong><\/em><\/td><td style=\"text-align: center;\" width=\"180\"><span style=\"color: #000080;\"><strong><a href=\"https:\/\/jusac.usac.edu.gt\/wp-content\/uploads\/2013\/09\/MATEM\u00c1TICA-I-C\u00d3DIGO-02440.pdf\" target=\"_blank\" rel=\"noopener\"><span style=\"color: #000080;\">MATEM\u00c1TICA I<\/span><\/a><\/strong><\/span><\/td><td>\u00a0<\/td><td style=\"text-align: center;\"><strong><em>03441<\/em><\/strong><\/td><td style=\"text-align: center;\" width=\"181\"><span style=\"color: #000080;\"><strong><a href=\"https:\/\/jusac.usac.edu.gt\/wp-content\/uploads\/2014\/02\/03441-MATEM\u00c1TICA-II.pdf\" target=\"_blank\" rel=\"noopener\"><span style=\"color: #000080;\">\u00a0MATEM\u00c1TICA II<\/span><\/a><\/strong><\/span><\/td><\/tr><tr><td style=\"text-align: center;\" height=\"21\"><em><strong>01460<\/strong><\/em><\/td><td style=\"text-align: center;\">\u00a0<span style=\"color: #000080;\"><a href=\"https:\/\/jusac.usac.edu.gt\/wp-content\/uploads\/2014\/02\/01460-SOCIOECONOM\u00cdA-GENERAL.pdf\" target=\"_blank\" rel=\"noopener\"><span style=\"color: #000080;\"><strong>SOCIOECONOM\u00cdA GENERAL<\/strong><\/span><\/a><\/span><\/td><td style=\"text-align: center;\">\u00a0<\/td><td style=\"text-align: center;\"><strong><em>02461<\/em><\/strong><\/td><td style=\"text-align: center;\" width=\"180\"><span style=\"color: #000080;\"><strong><a href=\"https:\/\/jusac.usac.edu.gt\/wp-content\/uploads\/2013\/09\/ECONOM\u00cdA-POL\u00cdTICA-C\u00d3DIGO-02461.pdf\" target=\"_blank\" rel=\"noopener\"><span style=\"color: #000080;\">ECONOM\u00cdA POL\u00cdTICA<\/span><\/a><\/strong><\/span><\/td><td>\u00a0<\/td><td style=\"text-align: center;\"><em><strong>03462<\/strong><\/em><\/td><td style=\"text-align: center;\" width=\"181\"><span style=\"color: #000080;\"><strong><a href=\"https:\/\/jusac.usac.edu.gt\/wp-content\/uploads\/2014\/02\/03462-HISTORIA-ECON\u00d3MICA-DE-CENTROAM\u00c9RICA.pdf\" target=\"_blank\" rel=\"noopener\"><span style=\"color: #000080;\">HISTORIA ECON\u00d3MICA DE CENTROAMERICA<\/span><\/a><\/strong><\/span><\/td><\/tr><tr><td height=\"41\"><strong><em>\u00a0<\/em><\/strong><\/td><td>\u00a0<\/td><td>\u00a0<\/td><td><em><strong>\u00a0<\/strong><\/em><\/td><td width=\"180\">\u00a0<\/td><td>\u00a0<\/td><td><em><strong>\u00a0<\/strong><\/em><\/td><td width=\"181\">\u00a0<\/td><\/tr><tr><td height=\"20\">\u00a0<\/td><td>\u00a0<\/td><td>\u00a0<\/td><td>\u00a0<\/td><td>\u00a0<\/td><td>\u00a0<\/td><td>\u00a0<\/td><td>\u00a0<\/td><\/tr><tr><td height=\"20\">\u00a0<\/td><td>\u00a0<\/td><td>\u00a0<\/td><td>\u00a0<\/td><td>\u00a0<\/td><td>\u00a0<\/td><td>\u00a0<\/td><td>\u00a0<\/td><\/tr><tr><td height=\"21\">\u00a0<\/td><td>\u00a0<\/td><td>\u00a0<\/td><td>\u00a0<\/td><td>\u00a0<\/td><td>\u00a0<\/td><td>\u00a0<\/td><td>\u00a0<\/td><\/tr><tr><td style=\"text-align: center;\" height=\"33\"><span style=\"color: #ff0000;\"><strong>C\u00d3DIGO<\/strong><\/span><\/td><td style=\"text-align: center;\"><span style=\"color: #ff0000;\"><strong>4TO. CICLO<\/strong><\/span><\/td><td>\u00a0<\/td><td style=\"text-align: center;\"><span style=\"color: #ff0000;\"><strong>C\u00d3DIGO<\/strong><\/span><\/td><td style=\"text-align: center;\"><span style=\"color: #ff0000;\"><strong>5TO. CICLO<\/strong><\/span><\/td><td>\u00a0<\/td><td style=\"text-align: center;\"><span style=\"color: #ff0000;\"><strong>C\u00d3DIGO<\/strong><\/span><\/td><td style=\"text-align: center;\"><span style=\"color: #ff0000;\"><strong>6TO. CICLO<\/strong><\/span><\/td><\/tr><tr><td style=\"text-align: center;\" height=\"41\"><strong><em>04421<\/em><\/strong><\/td><td style=\"text-align: center;\" width=\"181\"><span style=\"color: #000080;\"><strong><a href=\"https:\/\/jusac.usac.edu.gt\/wp-content\/uploads\/2013\/09\/ADMINISTRACI\u00d3N-I-C\u00d3DIGO-04421.pdf\" rel=\"noopener\"><span style=\"color: #000080;\">ADMINISTRACI\u00d3N I<\/span><\/a><\/strong><\/span><\/td><td>\u00a0<\/td><td style=\"text-align: center;\"><strong><em>05203<\/em><\/strong><\/td><td style=\"text-align: center;\" width=\"180\"><span style=\"color: #000080;\"><a href=\"https:\/\/jusac.usac.edu.gt\/wp-content\/uploads\/2014\/02\/05203-ADMINISTRACI\u00d3N-FINANCIERA-I.pdf\" target=\"_blank\" rel=\"noopener\"><span style=\"color: #000080;\"><strong>ADMINISTRACI\u00d3N FINANCIERA I<\/strong><\/span><\/a><\/span><\/td><td>\u00a0<\/td><td style=\"text-align: center;\"><strong><em>06204<\/em><\/strong><\/td><td style=\"text-align: center;\" width=\"181\"><span style=\"color: #000080;\"><strong><a href=\"https:\/\/jusac.usac.edu.gt\/wp-content\/uploads\/2013\/09\/ADMINISTRACI\u00d3N-FINANCIERA-II-C\u00d3DIGO-06204.pdf\"><span style=\"color: #000080;\">ADMINISTRACI\u00d3N FINANCIERA I<\/span><\/a>I<\/strong><\/span><\/td><\/tr><tr><td style=\"text-align: center;\" height=\"21\"><strong><em>04444<\/em><\/strong><\/td><td style=\"text-align: center;\" width=\"181\"><span style=\"color: #000080;\"><strong><a href=\"https:\/\/jusac.usac.edu.gt\/wp-content\/uploads\/2013\/09\/MATEMATICA-III-C\u00d3DIGO-04444.pdf\" target=\"_blank\" rel=\"noopener\"><span style=\"color: #000080;\">MATEM\u00c1TICA III<\/span><\/a><\/strong><\/span><\/td><td>\u00a0<\/td><td style=\"text-align: center;\"><strong><em>05221<\/em><\/strong><\/td><td style=\"text-align: center;\" width=\"180\"><span style=\"color: #000080;\"><a href=\"https:\/\/jusac.usac.edu.gt\/wp-content\/uploads\/2014\/02\/05221-LEGISLACI\u00d3N-APLICADA-A-LA-EMPRESA.pdf\" target=\"_blank\" rel=\"noopener\"><span style=\"color: #000080;\"><strong>LEGISLACI\u00d3N APLICADA A LA EMPRESA<\/strong><\/span><\/a><\/span><\/td><td>\u00a0<\/td><td style=\"text-align: center;\"><strong><em>06223<\/em><\/strong><\/td><td style=\"text-align: center;\" width=\"181\"><span style=\"color: #000080;\"><strong><a href=\"https:\/\/jusac.usac.edu.gt\/wp-content\/uploads\/2013\/09\/ADMINISTRACI\u00d3N-III-C\u00d3DIGO-06223.pdf\" target=\"_blank\" rel=\"noopener\"><span style=\"color: #000080;\">ADMINISTRACI\u00d3N III<\/span><\/a><\/strong><\/span><\/td><\/tr><tr><td style=\"text-align: center;\" height=\"40\"><strong><em>04463<\/em><\/strong><\/td><td style=\"text-align: center;\" width=\"181\"><span style=\"color: #000080;\"><strong><a href=\"https:\/\/jusac.usac.edu.gt\/wp-content\/uploads\/2013\/09\/MICROECONOM\u00cdA-I-C\u00d3DIGO-04463.pdf\" target=\"_blank\" rel=\"noopener\"><span style=\"color: #000080;\">MICROECONOM\u00cdA I<\/span><\/a><\/strong><\/span><\/td><td>\u00a0<\/td><td style=\"text-align: center;\"><strong><em>05222<\/em><\/strong><\/td><td style=\"text-align: center;\" width=\"180\">\u00a0<span style=\"color: #000080;\"><a href=\"https:\/\/jusac.usac.edu.gt\/wp-content\/uploads\/2014\/02\/05222-ADMINISTRACI\u00d3N-II.pdf\" target=\"_blank\" rel=\"noopener\"><span style=\"color: #000080;\"><strong>ADMINISTRACI\u00d3N II<\/strong><\/span><\/a><\/span><\/td><td>\u00a0<\/td><td style=\"text-align: center;\"><em><strong>06240<\/strong><\/em><\/td><td style=\"text-align: center;\" width=\"181\"><span style=\"color: #000080;\"><strong><a href=\"https:\/\/jusac.usac.edu.gt\/wp-content\/uploads\/2013\/09\/MERCADOTECNIA-I-C\u00d3DIGO-06240.pdf\" target=\"_blank\" rel=\"noopener\"><span style=\"color: #000080;\">MERCADOTECNIA I<\/span><\/a><\/strong><\/span><\/td><\/tr><tr><td style=\"text-align: center;\" height=\"21\"><em><strong>04490<\/strong><\/em><\/td><td style=\"text-align: center;\" width=\"181\"><span style=\"color: #000080;\"><strong><a href=\"https:\/\/jusac.usac.edu.gt\/wp-content\/uploads\/2013\/09\/PROBLEMAS-SOCIOECON\u00d3MICOS-DE-GUATEMALA-C\u00d3DIGO-04490.pdf\" target=\"_blank\" rel=\"noopener\"><span style=\"color: #000080;\">PROBLEMAS SOCIO-ECON\u00d3MICOS DE GUATEMALA<\/span><\/a><\/strong><\/span><\/td><td>\u00a0<\/td><td style=\"text-align: center;\"><strong><em>05250<\/em><\/strong><\/td><td style=\"text-align: center;\" width=\"180\">\u00a0<span style=\"color: #000080;\"><a href=\"https:\/\/jusac.usac.edu.gt\/wp-content\/uploads\/2014\/02\/05250-M\u00c9TODOS-CUANTITATIVOS-I.pdf\" target=\"_blank\" rel=\"noopener\"><span style=\"color: #000080;\"><strong>M\u00c9TODOS CUANTITATIVOS I<\/strong><\/span><\/a><\/span><\/td><td>\u00a0<\/td><td style=\"text-align: center;\"><strong><em>06251<\/em><\/strong><\/td><td style=\"text-align: center;\" width=\"181\"><span style=\"color: #000080;\"><strong><a href=\"https:\/\/jusac.usac.edu.gt\/wp-content\/uploads\/2013\/09\/M\u00c9TODOS-CUATITATIVOS-II-C\u00d3DIGO-06251.pdf\" target=\"_blank\" rel=\"noopener\"><span style=\"color: #000080;\">M\u00c9TODOS CUANTITATIVOS II<\/span><\/a><\/strong><\/span><\/td><\/tr><tr><td style=\"text-align: center;\" height=\"41\"><em><strong>041<\/strong><\/em><\/td><td style=\"text-align: center;\" width=\"181\"><span style=\"color: #000080;\"><strong><a href=\"https:\/\/jusac.usac.edu.gt\/wp-content\/uploads\/2013\/09\/PR\u00c1CTICA-DEL-\u00c1REA-COM\u00daN-C\u00d3DIGO-041.pdf\" target=\"_blank\" rel=\"noopener\"><span style=\"color: #000080;\">PR\u00c1CTICA DEL \u00c1REA COM\u00daN<\/span><\/a><\/strong><\/span><\/td><td>\u00a0<\/td><td><strong><em>\u00a0<\/em><\/strong><\/td><td width=\"180\">\u00a0<\/td><td>\u00a0<\/td><td><strong><em>\u00a0<\/em><\/strong><\/td><td width=\"181\"><a href=\"http:\/\/sitios.usac.edu.gt\/jusac\/wp-content\/uploads\/2013\/08\/DERECHO-ADMINISTRATIVO-I-C\u00d3DIGO-230.pdf\" target=\"_blank\" rel=\"noopener\">\u00a0<\/a><\/td><\/tr><tr><td height=\"20\">\u00a0<\/td><td>\u00a0<\/td><td>\u00a0<\/td><td>\u00a0<\/td><td>\u00a0<\/td><td>\u00a0<\/td><td>\u00a0<\/td><td>\u00a0<\/td><\/tr><tr><td height=\"20\">\u00a0<\/td><td>\u00a0<\/td><td>\u00a0<\/td><td>\u00a0<\/td><td>\u00a0<\/td><td>\u00a0<\/td><td>\u00a0<\/td><td>\u00a0<\/td><\/tr><tr><td height=\"21\">\u00a0<\/td><td>\u00a0<\/td><td>\u00a0<\/td><td>\u00a0<\/td><td>\u00a0<\/td><td>\u00a0<\/td><td>\u00a0<\/td><td>\u00a0<\/td><\/tr><tr><td style=\"text-align: center;\" height=\"33\"><span style=\"color: #ff0000;\"><strong>C\u00d3DIGO<\/strong><\/span><\/td><td style=\"text-align: center;\"><span style=\"color: #ff0000;\"><strong>7MO. CICLO<\/strong><\/span><\/td><td>\u00a0<\/td><td style=\"text-align: center;\"><span style=\"color: #ff0000;\"><strong>C\u00d3DIGO<\/strong><\/span><\/td><td style=\"text-align: center;\"><span style=\"color: #ff0000;\"><strong>8VO. CICLO<\/strong><\/span><\/td><td>\u00a0<\/td><td style=\"text-align: center;\"><span style=\"color: #ff0000;\"><strong>C\u00d3DIGO<\/strong><\/span><\/td><td style=\"text-align: center;\"><span style=\"color: #ff0000;\"><strong>9NO. CICLO<\/strong><\/span><\/td><\/tr><tr><td style=\"text-align: center;\" height=\"22\"><strong><em>07205<\/em><\/strong><\/td><td style=\"text-align: center;\" width=\"181\"><a href=\"https:\/\/jusac.usac.edu.gt\/wp-content\/uploads\/2014\/02\/07205-ADMINISTRACI\u00d3N-FINANCIERA-III.pdf\"><strong><span style=\"color: #000080;\">ADMINISTRACI\u00d3N FINANCIERA III<\/span><\/strong><\/a><\/td><td>\u00a0<\/td><td style=\"text-align: center;\"><strong><em>08204<\/em><\/strong><\/td><td style=\"text-align: center;\" width=\"180\"><span style=\"color: #000080;\"><strong><a href=\"https:\/\/jusac.usac.edu.gt\/wp-content\/uploads\/2013\/09\/INFORM\u00c1TICA-C\u00d3DIGO-08204.pdf\" target=\"_blank\" rel=\"noopener\"><span style=\"color: #000080;\">INFORM\u00c1TICA<\/span><\/a><\/strong><\/span><\/td><td>\u00a0<\/td><td style=\"text-align: center;\"><strong><em>09225<\/em><\/strong><\/td><td style=\"text-align: center;\" width=\"181\"><a href=\"http:\/\/sitios.usac.edu.gt\/jusac\/wp-content\/uploads\/2014\/02\/09225-ADMINISTRACI\u00d3N-V.pdf\">\u00a0<span style=\"color: #000080;\"><strong>ADMINISTRACI\u00d3N V<\/strong><\/span><\/a><\/td><\/tr><tr><td style=\"text-align: center;\" height=\"21\"><strong><em>07224<\/em><\/strong><\/td><td style=\"text-align: center;\"><span style=\"color: #000080;\"><strong>\u00a0ADMINISTRACI\u00d3N IV<\/strong><\/span><\/td><td>\u00a0<\/td><td style=\"text-align: center;\"><em><strong>08206<\/strong><\/em><\/td><td style=\"text-align: center;\" width=\"180\"><strong><span style=\"color: #000080;\"><a href=\"https:\/\/jusac.usac.edu.gt\/wp-content\/uploads\/2013\/09\/ADMINISTRACI\u00d3N-FINANCIERA-IV-C\u00d3DIGO-8206.pdf\" target=\"_blank\" rel=\"noopener\"><span style=\"color: #000080;\">ADMINISTRACI\u00d3N FINANCIERA IV<\/span><\/a><\/span><\/strong><\/td><td>\u00a0<\/td><td style=\"text-align: center;\"><strong><em>09232<\/em><\/strong><\/td><td style=\"text-align: center;\" width=\"181\"><a href=\"http:\/\/sitios.usac.edu.gt\/jusac\/wp-content\/uploads\/2014\/02\/09232-ADMINISTRACI\u00d3N-DE-OPERACIONES-III.pdf\"><span style=\"color: #000080;\"><strong>ADMINISTRACI\u00d3N DE OPERACIONES III<\/strong><\/span><\/a><\/td><\/tr><tr><td style=\"text-align: center;\" height=\"21\"><em><strong>07230<\/strong><\/em><\/td><td style=\"text-align: center;\"><a href=\"https:\/\/jusac.usac.edu.gt\/wp-content\/uploads\/2014\/02\/07230-ADMINISTRACI\u00d3N-DE-OPERACIONES-I.pdf\"><strong><span style=\"color: #000080;\">ADMINISTRACI\u00d3N DE OPERACIONES I<\/span><\/strong><\/a><\/td><td>\u00a0<\/td><td style=\"text-align: center;\"><em><strong>08231<\/strong><\/em><\/td><td style=\"text-align: center;\" width=\"180\"><span style=\"color: #000080;\"><strong><a href=\"https:\/\/jusac.usac.edu.gt\/wp-content\/uploads\/2013\/09\/ADMINISTRACI\u00d3N-DE-OPERACIONES-II-C\u00d3DIGO-08231.pdf\" target=\"_blank\" rel=\"noopener\"><span style=\"color: #000080;\">ADMINISTRACI\u00d3N DE OPERACIONES II<\/span><\/a><\/strong><\/span><\/td><td>\u00a0<\/td><td style=\"text-align: center;\"><em><strong>09242<\/strong><\/em><\/td><td style=\"text-align: center;\" width=\"181\">\u00a0<a href=\"http:\/\/sitios.usac.edu.gt\/jusac\/wp-content\/uploads\/2014\/02\/09242-MERCADOTECNIA-III.pdf\"><span style=\"color: #000080;\"><strong>MERCADOT\u00c9CNICA III<\/strong><\/span><\/a><\/td><\/tr><tr><td style=\"text-align: center;\" height=\"40\"><em><strong>07252<\/strong><\/em><\/td><td style=\"text-align: center;\"><a href=\"https:\/\/jusac.usac.edu.gt\/wp-content\/uploads\/2014\/02\/07252-METODOS-CUANTITATIVOS-III.pdf\"><span style=\"color: #000080;\"><strong>M\u00c9TODOS CUANTITATIVOS III<\/strong><\/span><\/a><\/td><td>\u00a0<\/td><td style=\"text-align: center;\"><em><strong>08241<\/strong><\/em><\/td><td style=\"text-align: center;\" width=\"180\"><span style=\"color: #000080;\"><strong><a href=\"https:\/\/jusac.usac.edu.gt\/wp-content\/uploads\/2013\/09\/MERCADOT\u00c9CNIA-II-C\u00d3DIGO-8241.pdf\" target=\"_blank\" rel=\"noopener\"><span style=\"color: #000080;\">MERCADOTECNIA II<\/span><\/a><\/strong><\/span><\/td><td>\u00a0<\/td><td style=\"text-align: center;\"><em><strong>09264<\/strong><\/em><\/td><td style=\"text-align: center;\" width=\"181\">\u00a0<a href=\"http:\/\/sitios.usac.edu.gt\/jusac\/wp-content\/uploads\/2014\/02\/09264-MACROECONOM\u00cdA.pdf\"><span style=\"color: #000080;\"><strong>MACROECONOM\u00cdA<\/strong><\/span><\/a><\/td><\/tr><tr><td height=\"41\"><em><strong>\u00a0<\/strong><\/em><\/td><td>\u00a0<\/td><td>\u00a0<\/td><td style=\"text-align: center;\"><em><strong>244<\/strong><\/em><\/td><td style=\"text-align: center;\" width=\"180\"><strong><span style=\"color: #000080;\"><a href=\"https:\/\/jusac.usac.edu.gt\/wp-content\/uploads\/2013\/09\/PR\u00c1CTICA-DEL-\u00c1REA-PROFESIONAL-C\u00d3DIGO-244.pdf\" target=\"_blank\" rel=\"noopener\"><span style=\"color: #000080;\">PR\u00c1CTICA DEL \u00c1REA PROFESIONAL<\/span><\/a><\/span><\/strong><\/td><td>\u00a0<\/td><td><em><strong>\u00a0<\/strong><\/em><\/td><td width=\"181\">\u00a0<\/td><\/tr><tr><td height=\"20\">\u00a0<\/td><td>\u00a0<\/td><td>\u00a0<\/td><td><em>\u00a0<strong><br \/><\/strong><\/em><\/td><td><a href=\"http:\/\/sitios.usac.edu.gt\/jusac\/wp-content\/uploads\/2013\/08\/CL\u00cdNICA-PENAL-FASE-TEORICA-C\u00d3DIGO-8.1.pdf\" target=\"_blank\" rel=\"noopener\">\u00a0<\/a><\/td><td>\u00a0<\/td><td><strong><em>\u00a0<\/em><\/strong><\/td><td>\u00a0<\/td><\/tr><tr><td height=\"20\">\u00a0<\/td><td>\u00a0<\/td><td>\u00a0<\/td><td>\u00a0<\/td><td>\u00a0<\/td><td>\u00a0<\/td><td>\u00a0<\/td><td>\u00a0<\/td><\/tr><tr><td height=\"21\">\u00a0<\/td><td>\u00a0<\/td><td>\u00a0<\/td><td>\u00a0<\/td><td>\u00a0<\/td><td>\u00a0<\/td><td>\u00a0<\/td><td>\u00a0<\/td><\/tr><tr><td style=\"text-align: center;\" height=\"33\">\u00a0<span style=\"color: #ff0000;\"><strong>C\u00d3DIGO<\/strong><\/span><\/td><td style=\"text-align: center;\"><span style=\"color: #ff0000;\">\u00a0<strong>10MO. SEMESTRE<\/strong><\/span><\/td><td>\u00a0<\/td><td style=\"text-align: center;\">\u00a0<\/td><td style=\"text-align: center;\">\u00a0<\/td><td>\u00a0<\/td><td>\u00a0<\/td><td>\u00a0<\/td><\/tr><tr><td style=\"text-align: center;\" height=\"22\">\u00a0<em><strong>10207<\/strong><\/em><\/td><td style=\"text-align: center;\"><strong><span style=\"color: #000080;\">\u00a0<a href=\"http:\/\/sitios.usac.edu.gt\/jusac\/wp-content\/uploads\/2013\/09\/ESTRUCTURA-FINANCIERA-NACIONAL-E-INTERNACIONAL-C\u00d3DIGO-10207.pdf\" target=\"_blank\" rel=\"noopener\"><span style=\"color: #000080;\">ESTRUCTURA FINANCIERA NACIONAL E INTERNACIONAL<\/span><\/a><\/span><\/strong><\/td><td>\u00a0<\/td><td style=\"text-align: center;\">\u00a0<\/td><td style=\"text-align: center;\" width=\"180\">\u00a0<\/td><td>\u00a0<\/td><td>\u00a0<\/td><td>\u00a0<\/td><\/tr><tr><td style=\"text-align: center;\" height=\"21\">\u00a0<em><strong>10208<\/strong><\/em><\/td><td style=\"text-align: center;\"><strong><span style=\"color: #000080;\">\u00a0<a href=\"http:\/\/sitios.usac.edu.gt\/jusac\/wp-content\/uploads\/2013\/09\/AN\u00c1LISIS-FINANCIERO-ESTRAT\u00c9GICO-C\u00d3DIGO-10208.pdf\" target=\"_blank\" rel=\"noopener\"><span style=\"color: #000080;\">AN\u00c1LISIS FINANCIERO ESTRAT\u00c9GICO<\/span><\/a><\/span><\/strong><\/td><td>\u00a0<\/td><td style=\"text-align: center;\">\u00a0<\/td><td style=\"text-align: center;\" width=\"180\">\u00a0<\/td><td>\u00a0<\/td><td>\u00a0<\/td><td>\u00a0<\/td><\/tr><tr><td style=\"text-align: center;\" height=\"21\">\u00a0\u00a0<em><strong>10209<\/strong><\/em><\/td><td style=\"text-align: center;\"><strong><span style=\"color: #000080;\">\u00a0<a href=\"http:\/\/sitios.usac.edu.gt\/jusac\/wp-content\/uploads\/2013\/09\/MERCADO-DE-VALORES-Y-CAPITALES-C\u00d3DIGO-10209.pdf\" target=\"_blank\" rel=\"noopener\"><span style=\"color: #000080;\">\u00a0MERCADO DE VALORES Y CAPITALES<\/span><\/a><\/span><\/strong><\/td><td>\u00a0<\/td><td style=\"text-align: center;\">\u00a0<\/td><td style=\"text-align: center;\" width=\"180\">\u00a0<\/td><td>\u00a0<\/td><td>\u00a0<\/td><td>\u00a0<\/td><\/tr><tr><td style=\"text-align: center;\" height=\"40\">\u00a0<em><strong>10210<\/strong><\/em><\/td><td style=\"text-align: center;\"><strong><span style=\"color: #000080;\">\u00a0<a href=\"http:\/\/sitios.usac.edu.gt\/jusac\/wp-content\/uploads\/2013\/09\/DESARROLLO-FINANCIERO-Y-FUSION-EMPRESARIAL-C\u00d3DIGO-10210.pdf\" target=\"_blank\" rel=\"noopener\"><span style=\"color: #000080;\">DESARROLLO FINANCIERO Y FUSI\u00d3N EMPRESARIAL<\/span><\/a><\/span><\/strong><\/td><td>\u00a0<\/td><td style=\"text-align: center;\">\u00a0<\/td><td style=\"text-align: center;\" width=\"180\">\u00a0<\/td><td>\u00a0<\/td><td>\u00a0<\/td><td>\u00a0<\/td><\/tr><tr><td height=\"41\">\u00a0<\/td><td>\u00a0<\/td><td>\u00a0<\/td><td>\u00a0<\/td><td width=\"180\">\u00a0<\/td><td>\u00a0<\/td><td>\u00a0<\/td><td>\u00a0<\/td><\/tr><\/tbody><\/table><div class=\"dc\">\u00a0<\/div>\t\t\t\t\t\t\t\t<\/div>\n\t\t\t\t<\/div>\n\t\t\t\t\t<\/div>\n\t\t\t\t<\/div>\n\t\t\t\t<\/div>\n\t\t","protected":false},"excerpt":{"rendered":"<p>PROGRAMAS DE ESTUDIOS\u00a0 DE LA CARRERA DE\u00a0LICENCIATURA EN\u00a0ADMINISTRACI\u00d3N\u00a0DE EMPRESAS\u00a0 LISTOS PARA SU DESCARGA E IMPRESI\u00d3N \u00a0(Necesita Acrobat Reader \u00f3 Foxit Reader para visualizarlos de lo contrario mostrar\u00e1 una p\u00e1gina en blanco) C\u00d3DIGO 1ER. CICLO \u00a0 C\u00d3DIGO 2DO. CICLO \u00a0 C\u00d3DIGO 3ER. CICLO 01410 \u00a0FUNDAMENTOS TE\u00d3RICOS DE LAS CIENCIAS ECON\u00d3MICAS \u00a0 02401 RECURSOS ECON\u00d3MICOS DE CENTROAM\u00c9RICA [&hellip;]<\/p>\n","protected":false},"author":2,"featured_media":0,"parent":2313,"menu_order":1,"comment_status":"open","ping_status":"open","template":"","meta":{"_joinchat":[],"footnotes":""},"class_list":["post-2321","page","type-page","status-publish","czr-hentry"],"_links":{"self":[{"href":"https:\/\/jusac-nuevo.usac.edu.gt\/index.php?rest_route=\/wp\/v2\/pages\/2321","targetHints":{"allow":["GET"]}}],"collection":[{"href":"https:\/\/jusac-nuevo.usac.edu.gt\/index.php?rest_route=\/wp\/v2\/pages"}],"about":[{"href":"https:\/\/jusac-nuevo.usac.edu.gt\/index.php?rest_route=\/wp\/v2\/types\/page"}],"author":[{"embeddable":true,"href":"https:\/\/jusac-nuevo.usac.edu.gt\/index.php?rest_route=\/wp\/v2\/users\/2"}],"replies":[{"embeddable":true,"href":"https:\/\/jusac-nuevo.usac.edu.gt\/index.php?rest_route=%2Fwp%2Fv2%2Fcomments&post=2321"}],"version-history":[{"count":0,"href":"https:\/\/jusac-nuevo.usac.edu.gt\/index.php?rest_route=\/wp\/v2\/pages\/2321\/revisions"}],"up":[{"embeddable":true,"href":"https:\/\/jusac-nuevo.usac.edu.gt\/index.php?rest_route=\/wp\/v2\/pages\/2313"}],"wp:attachment":[{"href":"https:\/\/jusac-nuevo.usac.edu.gt\/index.php?rest_route=%2Fwp%2Fv2%2Fmedia&parent=2321"}],"curies":[{"name":"wp","href":"https:\/\/api.w.org\/{rel}","templated":true}]}}