{"id":22024,"date":"2022-05-09T15:59:27","date_gmt":"2022-05-09T21:59:27","guid":{"rendered":"https:\/\/jusac.usac.edu.gt\/?page_id=22024"},"modified":"2025-08-08T09:16:56","modified_gmt":"2025-08-08T15:16:56","slug":"paso-no-1-2-entrega-de-resultados-prueba-de-orientacion-vocacional-fase-ii","status":"publish","type":"page","link":"https:\/\/jusac-nuevo.usac.edu.gt\/?page_id=22024","title":{"rendered":"\u2013 \u2013 PASO No. 1.2 \u2013 Entrega de Resultados Presencial de la Prueba de Orientaci\u00f3n Vocacional (FASE II)"},"content":{"rendered":"\t\t<div data-elementor-type=\"wp-page\" data-elementor-id=\"22024\" class=\"elementor elementor-22024\">\n\t\t\t\t\t\t<section class=\"elementor-section elementor-top-section elementor-element elementor-element-4549d172 elementor-section-boxed elementor-section-height-default elementor-section-height-default\" data-id=\"4549d172\" data-element_type=\"section\" data-e-type=\"section\">\n\t\t\t\t\t\t<div class=\"elementor-container elementor-column-gap-default\">\n\t\t\t\t\t<div class=\"elementor-column elementor-col-100 elementor-top-column elementor-element elementor-element-6fafe139\" data-id=\"6fafe139\" data-element_type=\"column\" data-e-type=\"column\">\n\t\t\t<div class=\"elementor-widget-wrap elementor-element-populated\">\n\t\t\t\t\t\t<div class=\"elementor-element elementor-element-6dd60131 elementor-widget elementor-widget-text-editor\" data-id=\"6dd60131\" data-element_type=\"widget\" data-e-type=\"widget\" data-widget_type=\"text-editor.default\">\n\t\t\t\t<div class=\"elementor-widget-container\">\n\t\t\t\t\t\t\t\t\t<h3 style=\"text-align: justify;\"><span style=\"color: #ff6600;\"><strong>P<\/strong><strong>ROCESO PARA ENTREGA PRESENCIAL, <span style=\"color: #008000;\">AN\u00c1LISIS E INTERPRETACI\u00d3N DEL PERFIL DE RESULTADOS Y ENTREGA DE LA TARJETA COLOR AMARILLO<\/span> CON EL N\u00daMERO DE <\/strong><strong>ORIENTACI\u00d3N VOCACIONAL <\/strong><\/span><span style=\"color: #0000ff;\"><strong>(FASE II)<\/strong><strong>:<\/strong><\/span><\/h3><h6 style=\"text-align: justify;\"><span style=\"color: #800080;\"><strong>1. <\/strong><span style=\"color: #000000;\">El aspirante de primer ingreso debe de presentarse nuevamente a la misma hora y en el mismo lugar en donde se aplic\u00f3 presencialmente la Prueba de Orientaci\u00f3n Vocacional:<\/span><\/span><\/h6><h4 style=\"text-align: center;\"><span style=\"color: #ff00ff;\"><b>Las<\/b> <strong>Oficinas administrativas del edificio anexo a este Centro Universitario, frente a las oficinas del -INFOM- y Juzgado de Paz, JUTIAPA, JUTIAPA, <\/strong><\/span><span style=\"color: #0000ff;\"><strong>en donde se aplicar\u00e1 Presencialmente la Prueba de Orientaci\u00f3n Vocacional:<\/strong><\/span><\/h4><h6 style=\"text-align: justify;\"><span style=\"color: #000000;\"><span style=\"color: #800080;\"><strong>2.<\/strong> <\/span>EN EL \u00c1REA DE RECEPCI\u00d3N DEL PORT\u00d3N,<strong> <span style=\"color: #0000ff;\">ANUNCIARSE QUE VA A RECOGER EL RESULTADO DE LA PRUEBA DE ORIENTACI\u00d3N VOCACIONAL.<\/span><\/strong><\/span><\/h6><p style=\"text-align: center;\"><img fetchpriority=\"high\" decoding=\"async\" class=\"alignnone wp-image-27885\" src=\"https:\/\/jusac.usac.edu.gt\/wp-content\/uploads\/2023\/01\/OFICINAS-JUSAC-EDIFICIO-ANEXO-1024x576.jpg\" alt=\"\" width=\"524\" height=\"295\" \/><\/p><h5 style=\"text-align: center;\"><span style=\"color: #ff6600;\"><strong>AL CONCLUIR EL AN\u00c1LISIS E INTERPRETACI\u00d3N DE RESULTADOS DE LA PRUEBA DE ORIENTACI\u00d3N VOCACIONAL SE OBTENDRAN LOS SIGUIENTES DOS DATOS NECESARIOS PARA LA CONTINUACION DEL PROCESO DE PRIMER INGRESO:<\/strong><\/span><\/h5><h6 style=\"text-align: justify;\"><span style=\"color: #ff0000;\"><strong><span style=\"color: #800080;\">3.<\/span> Obtendr\u00e1s\u00a0 el Perfil de resultados:<\/strong> <span style=\"color: #0000ff;\"><strong>Inventario de Intereses de Estudio<\/strong>\u00a0 <strong><span style=\"color: #008000;\">(el cual medir\u00e1 con gr\u00e1ficas y te orientar\u00e1 para que carrera universitaria tienes m\u00e1s vocaci\u00f3n o talento como futuro aspirante de primer ingreso, si todav\u00eda no tienes decidido que carrera estudiar).<\/span><\/strong><\/span><\/span><\/h6><p style=\"text-align: center;\"><img decoding=\"async\" class=\"alignnone wp-image-32494 size-medium\" src=\"https:\/\/jusac-nuevo.usac.edu.gt\/wp-content\/uploads\/2025\/03\/PERFIL-DE-RESULTADOS-ORIENTACION-VOCACIONAL-235x300.jpg\" alt=\"\" width=\"235\" height=\"300\" srcset=\"https:\/\/jusac-nuevo.usac.edu.gt\/wp-content\/uploads\/2025\/03\/PERFIL-DE-RESULTADOS-ORIENTACION-VOCACIONAL-235x300.jpg 235w, https:\/\/jusac-nuevo.usac.edu.gt\/wp-content\/uploads\/2025\/03\/PERFIL-DE-RESULTADOS-ORIENTACION-VOCACIONAL.jpg 567w\" sizes=\"(max-width: 235px) 100vw, 235px\" \/><\/p><h6 style=\"text-align: justify;\"><span style=\"color: #ff0000;\"><strong><span style=\"color: #800080;\">4.<\/span>\u00a0Obtendr\u00e1s la Tarjeta Color Amarillo con el N\u00famero de Orientaci\u00f3n Vocacional<\/strong> <strong><span style=\"color: #0000ff;\">-NOV- <\/span><\/strong><\/span><span style=\"color: #ff0000;\"><span style=\"color: #0000ff;\"><strong><span style=\"color: #008000;\">(El cual, se convertir\u00e1 en tu c\u00f3digo o n\u00famero de identificaci\u00f3n como aspirante de primer ingreso y que utilizar\u00e1s para asignarte o inscribirte en los siguientes pruebas de primer ingreso: <span style=\"color: #00ccff;\">PASO NO. 02 PRUEBA DE CONOCIMIENTOS B\u00c1SICOS<\/span> <span style=\"color: #ff6600;\">Y PASO NO. 03 PRUEBA ESPEC\u00cdFICA)<\/span><\/span><\/strong><\/span><\/span><\/h6><h4 style=\"text-align: center;\"><img decoding=\"async\" class=\"alignnone wp-image-32495\" src=\"https:\/\/jusac-nuevo.usac.edu.gt\/wp-content\/uploads\/2025\/03\/TARJETA-DE-ORIENTACION-VOCACIONAL-USAC.png\" alt=\"\" width=\"275\" height=\"172\" \/><\/h4><p style=\"text-align: center;\">\ud83d\udc46\ud83c\udffb\ud83d\udc46\ud83c\udffb\ud83d\udc46\ud83c\udffb\ud83d\udc46\ud83c\udffb\ud83d\udc46\ud83c\udffb\ud83d\udc46\ud83c\udffb<\/p><h4 style=\"text-align: center;\"><span style=\"color: #0000ff;\"><strong><span style=\"color: #000000;\">EJEMPLO =<\/span>\u00a0 NOV: 2024075766<\/strong><\/span><\/h4><h5 style=\"text-align: center;\"><span style=\"text-decoration: underline;\"><span style=\"color: #ff0000;\"><strong>RESGUARDA MUY BIEN ESTA TARJETA AMARILLA Y NO LA EXTRAV\u00cdES; YA QUE ESTA, SE TE SOLICITAR\u00c1 COMO REQUISITO PARA TU PROCESO DE INSCRIPCI\u00d3N OFICIAL EN LA UNIVERSIDAD <span style=\"color: #0000ff; text-decoration: underline;\">EN EL MES DE ENERO DE 2026<\/span><\/strong><\/span><\/span><\/h5><h4 style=\"text-align: center;\"><img loading=\"lazy\" decoding=\"async\" class=\"wp-image-16158 aligncenter\" src=\"https:\/\/jusac.usac.edu.gt\/wp-content\/uploads\/2021\/07\/rererwe4r3.jpg\" alt=\"\" width=\"390\" height=\"190\" \/><\/h4><h4 style=\"text-align: center;\"><strong>___________________________________________________________________________________<\/strong><\/h4><h4 style=\"text-align: center;\"><strong>___________________________________________________________________________________<\/strong><\/h4><h4 style=\"text-align: justify;\"><span style=\"color: #000080;\" data-darkreader-inline-color=\"\"><strong>AL CULMINAR ESTA FASE Y HABIENDO OBTENIDO EL PERFIL DE RESULTADOS Y LA TARJETA COLOR AMARILLO con \u00ab<span style=\"color: #008000;\">EL N\u00daMERO DE ORIENTACI\u00d3N VOCACIONAL\u00bb <span style=\"color: #ff0000;\">-NOV-, <\/span><\/span>\u00a0EL CUAL APARECE EN EL PERFIL DE RESULTADOS DE LA PRUEBA DE ORIENTACION VOCACIONAL, EL ASPIRANTE DE PRIMER INGRESO CONTINUA HACIA <span style=\"color: #ff6600;\" data-darkreader-inline-color=\"\">EL PASO No. 02:<\/span> <span style=\"color: #ff0000;\" data-darkreader-inline-color=\"\"><a style=\"color: #ff0000;\" href=\"https:\/\/jusac-nuevo.usac.edu.gt\/?page_id=90\" target=\"_blank\" rel=\"noopener\" data-darkreader-inline-color=\"\">LA(S) PRUEBA(S) DE CONOCIMIENTO(S) B\u00c1SICO(S).<\/a><\/span><\/strong><\/span><\/h4><div><h4 style=\"text-align: center;\"><strong>___________________________________________________________________________________<\/strong><\/h4><h4 style=\"text-align: center;\"><strong>___________________________________________________________________________________<\/strong><\/h4><\/div><div><div><div><h4 style=\"text-align: center;\"><span style=\"color: #003300;\"><strong style=\"font-size: 1.5em;\">\u00bfDUDAS O TIENES ALGUN PROBLEMA?<\/strong><\/span><\/h4><\/div><\/div><div><div dir=\"auto\" style=\"text-align: justify;\"><div style=\"text-align: center;\"><div><div dir=\"auto\" style=\"text-align: justify;\"><div style=\"text-align: center;\"><span style=\"color: #003300;\"><b>durante el proceso de\u00a0 la entrega y descarga de resultados de esta prueba, env\u00eda<\/b><b> un mensaje<\/b><b>\u00a0de <\/b><b>WhatsApp<\/b><b> a la Profesional Orientadora encargada de resolver:<\/b><\/span><\/div><\/div><\/div><\/div><h4 style=\"text-align: center;\"><strong><span style=\"color: #0000ff;\">CEL: 4215-1018<\/span><\/strong><\/h4><\/div><\/div><\/div><div><div dir=\"auto\" style=\"text-align: justify;\"><h3 style=\"text-align: center;\">\u00a0<\/h3><h2 style=\"text-align: center;\"><strong><span style=\"color: #000000;\" data-darkreader-inline-color=\"\">\u00abID Y ENSE\u00d1AD A TODOS\u00bb<\/span><\/strong><\/h2><\/div><\/div>\t\t\t\t\t\t\t\t<\/div>\n\t\t\t\t<\/div>\n\t\t\t\t\t<\/div>\n\t\t<\/div>\n\t\t\t\t\t<\/div>\n\t\t<\/section>\n\t\t\t\t<\/div>\n\t\t","protected":false},"excerpt":{"rendered":"<p>PROCESO PARA ENTREGA PRESENCIAL, AN\u00c1LISIS E INTERPRETACI\u00d3N DEL PERFIL DE RESULTADOS Y ENTREGA DE LA TARJETA COLOR AMARILLO CON EL N\u00daMERO DE ORIENTACI\u00d3N VOCACIONAL (FASE II): 1. El aspirante de primer ingreso debe de presentarse nuevamente a la misma hora y en el mismo lugar en donde se aplic\u00f3 presencialmente la Prueba de Orientaci\u00f3n Vocacional: [&hellip;]<\/p>\n","protected":false},"author":2,"featured_media":0,"parent":38,"menu_order":3,"comment_status":"closed","ping_status":"closed","template":"","meta":{"_joinchat":[],"footnotes":""},"class_list":["post-22024","page","type-page","status-publish","czr-hentry"],"_links":{"self":[{"href":"https:\/\/jusac-nuevo.usac.edu.gt\/index.php?rest_route=\/wp\/v2\/pages\/22024","targetHints":{"allow":["GET"]}}],"collection":[{"href":"https:\/\/jusac-nuevo.usac.edu.gt\/index.php?rest_route=\/wp\/v2\/pages"}],"about":[{"href":"https:\/\/jusac-nuevo.usac.edu.gt\/index.php?rest_route=\/wp\/v2\/types\/page"}],"author":[{"embeddable":true,"href":"https:\/\/jusac-nuevo.usac.edu.gt\/index.php?rest_route=\/wp\/v2\/users\/2"}],"replies":[{"embeddable":true,"href":"https:\/\/jusac-nuevo.usac.edu.gt\/index.php?rest_route=%2Fwp%2Fv2%2Fcomments&post=22024"}],"version-history":[{"count":0,"href":"https:\/\/jusac-nuevo.usac.edu.gt\/index.php?rest_route=\/wp\/v2\/pages\/22024\/revisions"}],"up":[{"embeddable":true,"href":"https:\/\/jusac-nuevo.usac.edu.gt\/index.php?rest_route=\/wp\/v2\/pages\/38"}],"wp:attachment":[{"href":"https:\/\/jusac-nuevo.usac.edu.gt\/index.php?rest_route=%2Fwp%2Fv2%2Fmedia&parent=22024"}],"curies":[{"name":"wp","href":"https:\/\/api.w.org\/{rel}","templated":true}]}}