{"id":2,"date":"2024-06-04T17:10:35","date_gmt":"2024-06-04T15:10:35","guid":{"rendered":"https:\/\/jusac-nuevo.usac.edu.gt\/?page_id=2"},"modified":"2025-05-12T09:37:06","modified_gmt":"2025-05-12T15:37:06","slug":"pagina-ejemplo","status":"publish","type":"page","link":"https:\/\/jusac-nuevo.usac.edu.gt\/","title":{"rendered":"INICIO"},"content":{"rendered":"\t\t<div data-elementor-type=\"wp-page\" data-elementor-id=\"2\" class=\"elementor elementor-2\">\n\t\t\t\t<div class=\"elementor-element elementor-element-23075020 e-flex e-con-boxed e-con e-parent\" data-id=\"23075020\" data-element_type=\"container\" data-e-type=\"container\">\n\t\t\t\t\t<div class=\"e-con-inner\">\n\t\t\t\t<div class=\"elementor-element elementor-element-3882470e elementor-widget elementor-widget-text-editor\" data-id=\"3882470e\" data-element_type=\"widget\" data-e-type=\"widget\" data-widget_type=\"text-editor.default\">\n\t\t\t\t<div class=\"elementor-widget-container\">\n\t\t\t\t\t\t\t\t\t<div class=\"elementor-element elementor-element-cf103cb elementor-widget elementor-widget-heading\" data-id=\"cf103cb\" data-element_type=\"widget\" data-widget_type=\"heading.default\"><div class=\"elementor-widget-container\"><h3 class=\"elementor-heading-title elementor-size-default elementor-inline-editing pen\" style=\"text-align: center;\" contenteditable=\"true\" data-elementor-setting-key=\"title\" data-pen-placeholder=\"Teclea aqu\u00ed...\"><span style=\"color: #0000ff;\"><strong>\u00abBIENVENIDOS AL CENTRO UNIVERSITARIO <\/strong><\/span><br \/><span style=\"color: #0000ff;\"><strong>DEL DEPARTAMENTO DE JUTIAPA\u00bb<\/strong><\/span><br \/><span style=\"color: #0000ff;\"><strong>-JUSAC-<\/strong><\/span><\/h3><h5 style=\"text-align: center;\"><span style=\"color: #800080;\">\u00abL\u00edder en educaci\u00f3n superior del departamento de Jutiapa, Fundamentado en los avances cient\u00edficos y tecnol\u00f3gicos, formando profesionales con excelencia acad\u00e9mica y conciencia social en las distintas \u00e1reas del conocimiento\u00bb<\/span><\/h5><h4 style=\"text-align: center;\"><strong>___________________________________________________________________________________<\/strong><\/h4><h4 style=\"text-align: center;\"><span style=\"color: #ff6600;\"><strong>-DIRECCI\u00d3N, UBICACI\u00d3N Y HORARIOS DE ATENCI\u00d3N PRESENCIAL EN LAS OFICINAS ADMINISTRATIVAS DEL CENTRO UNIVERSITARIO DE JUTIAPA JUSAC-<\/strong><\/span><\/h4><h5 style=\"text-align: center;\"><span style=\"color: #000080;\"><strong>UBICACI\u00d3N Y DIRECCI\u00d3N DE NUESTRAS OFICINAS ADMINISTRATIVAS:\u00a0 \u00a0<\/strong><\/span><\/h5><h4 style=\"text-align: center;\"><span style=\"color: #ff00ff;\"><strong>5\u00aa. Avenida 2-03, Calzada Los Almendros, Barrio La Federal, zona 3, Jutiapa, Jutiapa.<\/strong><\/span><\/h4><p><img fetchpriority=\"high\" decoding=\"async\" class=\"aligncenter wp-image-14924 size-full\" src=\"http:\/\/jusac.usac.edu.gt\/wp-content\/uploads\/2021\/05\/EDIFICIO-JUSAC.jpg\" alt=\"\" width=\"604\" height=\"513\" \/><\/p><h5 style=\"text-align: center;\"><span style=\"color: #000080;\"><strong>N\u00daMERO TELEF\u00d3NICO DE NUESTRAS OFICINAS ADMINISTRATIVAS:\u00a0 \u00a0<\/strong><\/span><\/h5><h2 style=\"text-align: center;\"><span style=\"color: #003300;\"><strong>7844-6284<\/strong><\/span><\/h2><h5 style=\"text-align: center;\"><span style=\"color: #ff6600;\"><strong>(con atenci\u00f3n al n\u00famero telef\u00f3nico, solamente en horario de <\/strong><strong>lunes a viernes de 13:00 a 21:00 hrs).<\/strong><\/span><\/h5><h4 style=\"text-align: center;\"><strong>___________________________________________________________________________________<\/strong><\/h4><h5 style=\"text-align: justify;\"><strong><span style=\"color: #000080;\">HORARIO DE ATENCI\u00d3N PRESENCIAL <span style=\"color: #ff0000;\">PARA ESTUDIANTES DE NUESTRAS DIFERENTES CARRERAS, ASPIRANTES DE PRIMER INGRESO Y P\u00daBLICO EN GENERAL<\/span><\/span><\/strong><strong><span style=\"color: #000080;\"><span style=\"color: #ff0000;\">,<\/span> EN EL \u00c1REA DE RECEPCI\u00d3N DE NUESTRAS OFICINAS ADMINISTRATIVAS:<\/span><\/strong><\/h5><h4 style=\"text-align: center;\"><span style=\"color: #800080;\"><strong>\u00danicamente de lunes a viernes de 13:00 a 21:00 hrs.<\/strong><\/span><\/h4><h5 style=\"text-align: center;\"><span style=\"color: #993366;\"><strong>CORREO ELECTR\u00d3NICO <\/strong><strong>INSTITUCIONAL:<\/strong><\/span><\/h5><p style=\"text-align: center;\"><span style=\"color: #0000ff;\"><a style=\"color: #0000ff;\" href=\"mailto:jusaccentrouniversitario@gmail.com\"><span style=\"color: #ff00ff;\"><strong>jusaccentrouniversitario@gmail.com<\/strong><\/span><\/a><\/span><\/p><p style=\"text-align: center;\"><span style=\"color: #000000;\">(todas las letras del correo en min\u00fasculas)<\/span><\/p><h4 style=\"text-align: center;\"><strong>___________________________________________________________________________________<\/strong><\/h4><h5 style=\"text-align: justify;\"><span style=\"color: #000080;\"><strong>HORARIO DE ATENCI\u00d3N PRESENCIAL\u00a0<\/strong><\/span><span style=\"color: #000080;\"><strong>EN NUESTRAS OFICINAS ADMINISTRATIVAS\u00a0<\/strong><\/span><span style=\"color: #000080;\"><strong>PARA <span style=\"color: #00ccff;\">ESTUDIANTES DE LAS DIFERENTES CARRERAS QUE REQUIERAN SOLICITAR TR\u00c1MITE O GESTI\u00d3N ANTE LA COORDINACI\u00d3N ACAD\u00c9MICA:<\/span><\/strong><\/span><\/h5><h4 style=\"text-align: center;\"><span style=\"color: #800080;\"><strong>De Lunes a Viernes <\/strong><strong>De 14:00 a 20:00 hrs.<\/strong><\/span><\/h4><h5 style=\"text-align: center;\"><strong><span style=\"color: #993366;\">correo electr\u00f3nico:<\/span><\/strong><\/h5><p style=\"text-align: center;\"><span style=\"color: #ff00ff;\"><a style=\"color: #ff00ff;\" href=\"mailto:jusaccoordinacionacademica@gmail.com\"><strong>jusaccoordinacionacademica@gmail.com<\/strong><\/a><\/span><\/p><p style=\"text-align: center;\"><span style=\"color: #000000;\">(todas las letras del correo en min\u00fasculas)<\/span><\/p><h4 style=\"text-align: center;\"><strong>___________________________________________________________________________________<\/strong><\/h4><h5 style=\"text-align: justify;\"><span style=\"color: #000080;\"><strong>HORARIO DE ATENCI\u00d3N PRESENCIAL PARA <span style=\"color: #993366;\">ESTUDIANTES DE LAS DIFERENTES CARRERAS QUE REQUIERAN SOLICITAR TR\u00c1MITE O GESTI\u00d3N EN CONTROL ACAD\u00c9MICO<\/span>\u00a0EN NUESTRAS OFICINAS ADMINISTRATIVAS:<\/strong><\/span><\/h5><h4 style=\"text-align: center;\"><span style=\"color: #800080;\"><strong>De Lunes a Viernes <\/strong><strong>De 13:00 a 21:00 hrs.<\/strong><\/span><\/h4><h5 style=\"text-align: center;\"><strong><span style=\"color: #993366;\">correo electr\u00f3nico:<\/span><\/strong><\/h5><p style=\"text-align: center;\"><span style=\"color: #ff00ff;\"><a style=\"color: #ff00ff;\" href=\"mailto:controlacademicojusac@gmail.com\"><strong>controlacademicojusac@gmail.com<\/strong><\/a><\/span><\/p><p style=\"text-align: center;\"><span style=\"color: #000000;\">(todas las letras del correo en min\u00fasculas)<\/span><\/p><h4 style=\"text-align: center;\"><strong>___________________________________________________________________________________<\/strong><\/h4><h5 style=\"text-align: justify;\"><span style=\"color: #000080;\"><strong>HORARIO DE ATENCI\u00d3N PRESENCIAL PARA <span style=\"color: #008000;\">ESTUDIANTES DE LA CARRERA DE INGENIERO AGR\u00d3NOMO EN SISTEMAS DE PRODUCCI\u00d3N AGR\u00cdCOLA<\/span> EN NUESTRAS OFICINAS ADMINISTRATIVAS:<\/strong><\/span><\/h5><h4 style=\"text-align: center;\"><span style=\"color: #800080;\"><strong>De Lunes a Viernes de<\/strong><strong> 14:00 a 19:00 hrs.<\/strong><\/span><\/h4><h5 style=\"text-align: center;\"><strong><span style=\"color: #993366;\">correo electr\u00f3nico:<\/span><\/strong><\/h5><p style=\"text-align: center;\"><span style=\"color: #ff00ff;\"><a style=\"color: #ff00ff;\" href=\"mailto:agronomia.jusac@gmail.com\"><strong>agronomia.jusac@gmail.com<\/strong><\/a><\/span><\/p><p style=\"text-align: center;\"><span style=\"color: #000000;\">(todas las letras del correo en min\u00fasculas)<\/span><\/p><h4 style=\"text-align: center;\"><strong>___________________________________________________________________________________<\/strong><\/h4><h5 style=\"text-align: justify;\"><span style=\"color: #000080;\"><strong>HORARIO DE ATENCI\u00d3N PRESENCIAL PARA <span style=\"color: #993300;\">ESTUDIANTES DE LA CARRERA DE LICENCIATURA EN ADMINISTRACI\u00d3N DE EMPRESAS<\/span> EN NUESTRAS OFICINAS ADMINISTRATIVAS:<\/strong><\/span><\/h5><h4 style=\"text-align: center;\"><span style=\"color: #800080;\"><strong>De lunes a jueves <\/strong><strong>De 16:00 a 20:00 hrs.<\/strong><\/span><\/h4><h5 style=\"text-align: center;\"><strong><span style=\"color: #993366;\">correo electr\u00f3nico:<\/span><\/strong><\/h5><div style=\"text-align: center;\"><span style=\"color: #ff00ff;\"><strong>jusaclicenciaturaenadmon@gmail.com<\/strong><\/span><\/div><div>\u00a0<\/div><div style=\"text-align: center;\"><span style=\"color: #000000;\">(todas las letras del correo en min\u00fasculas)<\/span><\/div><h4 style=\"text-align: center;\"><strong>___________________________________________________________________________________<\/strong><\/h4><h5 style=\"text-align: justify;\"><span style=\"color: #000080;\"><strong>HORARIO DE ATENCI\u00d3N PRESENCIAL PARA <span style=\"color: #ff6600;\">ESTUDIANTES DE LA CARRERA DE LICENCIATURA EN CONTADUR\u00cdA PUBLICA Y AUDITORIA <\/span>EN NUESTRAS OFICINAS ADMINISTRATIVAS:<\/strong><\/span><\/h5><h4 style=\"text-align: center;\"><span style=\"color: #800080;\"><strong>De martes a viernes <\/strong><strong>De 17:00 a 20:00 hrs.<\/strong><\/span><\/h4><h5 style=\"text-align: center;\"><strong><span style=\"color: #993366;\">correo electr\u00f3nico:<\/span><\/strong><\/h5><p style=\"text-align: center;\"><span style=\"color: #ff00ff;\"><strong>tramites.auditoriajusac@gmail.com<\/strong><\/span><\/p><p style=\"text-align: center;\"><span style=\"color: #000000;\">(todas las letras del correo en min\u00fasculas)<\/span><\/p><h4 style=\"text-align: center;\"><strong>___________________________________________________________________________________<\/strong><\/h4><h5 style=\"text-align: justify;\"><span style=\"color: #000080;\"><strong>HORARIO DE ATENCI\u00d3N PRESENCIAL PARA <span style=\"color: #0000ff;\">ESTUDIANTES DE LA CARRERA DE LICENCIATURA EN CIENCIAS JUR\u00cdDICAS Y SOCIALES, ABOGADO Y NOTARIO <\/span>EN NUESTRAS OFICINAS ADMINISTRATIVAS:<\/strong><\/span><\/h5><h4 style=\"text-align: center;\"><span style=\"color: #800080;\"><strong>De Lunes a Viernes <\/strong><strong>De 14:00 a 20:00 hrs.<\/strong><\/span><\/h4><h5 style=\"text-align: center;\"><strong><span style=\"color: #993366;\">correo electr\u00f3nico:<\/span><\/strong><\/h5><p style=\"text-align: center;\"><span style=\"color: #ff00ff;\"><strong>coordinacionderechojusac@gmail.com<\/strong><\/span><\/p><p style=\"text-align: center;\"><span style=\"color: #000000;\">(todas las letras del correo en min\u00fasculas)<\/span><\/p><h4 style=\"text-align: center;\"><strong>___________________________________________________________________________________<\/strong><\/h4><h5 style=\"text-align: justify;\"><span style=\"color: #000080;\"><strong>HORARIO DE ATENCI\u00d3N PRESENCIAL PARA <span style=\"color: #800080;\">ESTUDIANTES DE LA CARRERA DE <\/span><\/strong><\/span><span style=\"color: #000080;\"><strong><span style=\"color: #800080;\">PROFESORADO DE ENSE\u00d1ANZA MEDIA y <\/span><\/strong><\/span><span style=\"color: #000080;\"><strong><span style=\"color: #800080;\">LICENCIATURA EN PEDAGOG\u00cdA Y ADMINISTRACI\u00d3N EDUCATIVA <\/span>EN NUESTRAS OFICINAS ADMINISTRATIVAS:<\/strong><\/span><\/h5><h4 style=\"text-align: center;\"><span style=\"color: #800080;\"><strong>De Lunes a viernes <\/strong><\/span><span style=\"color: #800080;\"><strong>De 13:00 a 21:00 hrs.<\/strong><\/span><\/h4><h5 style=\"text-align: center;\"><strong><span style=\"color: #993366;\">correo electr\u00f3nico:<\/span><\/strong><\/h5><p style=\"text-align: center;\"><a href=\"mailto:secretariapedagogia2022@gmail.com\" target=\"_blank\" rel=\"noopener\"><span style=\"color: #ff00ff;\"><strong>secretariapedagogia2022@gmail.com<\/strong><\/span><\/a><\/p><p style=\"text-align: center;\"><span style=\"color: #000000;\">(todas las letras del correo en min\u00fasculas)<\/span><\/p><\/div><\/div>\t\t\t\t\t\t\t\t<\/div>\n\t\t\t\t<\/div>\n\t\t\t\t\t<\/div>\n\t\t\t\t<\/div>\n\t\t\t\t<\/div>\n\t\t","protected":false},"excerpt":{"rendered":"<p>\u00abBIENVENIDOS AL CENTRO UNIVERSITARIO DEL DEPARTAMENTO DE JUTIAPA\u00bb-JUSAC- \u00abL\u00edder en educaci\u00f3n superior del departamento de Jutiapa, Fundamentado en los avances cient\u00edficos y tecnol\u00f3gicos, formando profesionales con excelencia acad\u00e9mica y conciencia social en las distintas \u00e1reas del conocimiento\u00bb ___________________________________________________________________________________ -DIRECCI\u00d3N, UBICACI\u00d3N Y HORARIOS DE ATENCI\u00d3N PRESENCIAL EN LAS OFICINAS ADMINISTRATIVAS DEL CENTRO UNIVERSITARIO DE JUTIAPA JUSAC- [&hellip;]<\/p>\n","protected":false},"author":1,"featured_media":0,"parent":0,"menu_order":0,"comment_status":"closed","ping_status":"open","template":"","meta":{"_joinchat":[],"footnotes":""},"class_list":["post-2","page","type-page","status-publish","czr-hentry"],"_links":{"self":[{"href":"https:\/\/jusac-nuevo.usac.edu.gt\/index.php?rest_route=\/wp\/v2\/pages\/2","targetHints":{"allow":["GET"]}}],"collection":[{"href":"https:\/\/jusac-nuevo.usac.edu.gt\/index.php?rest_route=\/wp\/v2\/pages"}],"about":[{"href":"https:\/\/jusac-nuevo.usac.edu.gt\/index.php?rest_route=\/wp\/v2\/types\/page"}],"author":[{"embeddable":true,"href":"https:\/\/jusac-nuevo.usac.edu.gt\/index.php?rest_route=\/wp\/v2\/users\/1"}],"replies":[{"embeddable":true,"href":"https:\/\/jusac-nuevo.usac.edu.gt\/index.php?rest_route=%2Fwp%2Fv2%2Fcomments&post=2"}],"version-history":[{"count":0,"href":"https:\/\/jusac-nuevo.usac.edu.gt\/index.php?rest_route=\/wp\/v2\/pages\/2\/revisions"}],"wp:attachment":[{"href":"https:\/\/jusac-nuevo.usac.edu.gt\/index.php?rest_route=%2Fwp%2Fv2%2Fmedia&parent=2"}],"curies":[{"name":"wp","href":"https:\/\/api.w.org\/{rel}","templated":true}]}}