{"id":16345,"date":"2021-08-09T10:34:23","date_gmt":"2021-08-09T16:34:23","guid":{"rendered":"http:\/\/jusac.usac.edu.gt\/?page_id=16345"},"modified":"2025-10-08T11:41:18","modified_gmt":"2025-10-08T17:41:18","slug":"aplicacion-en-linea-de-la-prueba-especifica","status":"publish","type":"page","link":"https:\/\/jusac-nuevo.usac.edu.gt\/?page_id=16345","title":{"rendered":"\u2013 \u2013 PASO No. 3.1 Aplicaci\u00f3n Presencial de la Prueba Espec\u00edfica"},"content":{"rendered":"\t\t<div data-elementor-type=\"wp-page\" data-elementor-id=\"16345\" class=\"elementor elementor-16345\">\n\t\t\t\t\t\t<section class=\"elementor-section elementor-top-section elementor-element elementor-element-63c1256d elementor-section-boxed elementor-section-height-default elementor-section-height-default\" data-id=\"63c1256d\" data-element_type=\"section\" data-e-type=\"section\">\n\t\t\t\t\t\t<div class=\"elementor-container elementor-column-gap-default\">\n\t\t\t\t\t<div class=\"elementor-column elementor-col-100 elementor-top-column elementor-element elementor-element-2e85c6fd\" data-id=\"2e85c6fd\" data-element_type=\"column\" data-e-type=\"column\">\n\t\t\t<div class=\"elementor-widget-wrap elementor-element-populated\">\n\t\t\t\t\t\t<div class=\"elementor-element elementor-element-5f49d9ba elementor-drop-cap-yes elementor-drop-cap-view-default elementor-widget elementor-widget-text-editor\" data-id=\"5f49d9ba\" data-element_type=\"widget\" data-e-type=\"widget\" data-settings=\"{&quot;drop_cap&quot;:&quot;yes&quot;}\" data-widget_type=\"text-editor.default\">\n\t\t\t\t<div class=\"elementor-widget-container\">\n\t\t\t\t\t\t\t\t\t<h4 style=\"text-align: center;\"><span style=\"color: #ff6600;\" data-darkreader-inline-color=\"\"><strong>APLICACI\u00d3N PR<\/strong><strong>ESENCIAL DE LA PRUEBA ESPEC\u00cdFICA EN LA CARRERA QUE HAYA ELEGIDO ESTUDIAR ENL CENTRO UNIVERSITARIO DE JUTIAPA, -JUSAC-<\/strong><strong style=\"font-size: 24px;\">:<\/strong><\/span><\/h4><p style=\"text-align: center;\"><span style=\"color: #000000;\" data-darkreader-inline-color=\"\"><strong>__________________________________________________________________________________<\/strong><\/span><\/p><h5 style=\"text-align: center;\"><span style=\"color: #000080;\" data-darkreader-inline-color=\"\"><strong>SOLAMENTE LOS ASPIRANTES DE PRIMER INGRESO 2026 Y ESTUDIANTES YA INSCRITOS EN OTRA CARRERA, <span style=\"color: #008000;\" data-darkreader-inline-color=\"\">QUE PREVIAMENTE SE HAYAN INSCRITO Y ASIGNADOS POR MEDIO DEL FORMULARIO DE GOOGLEFORMS,<\/span> PODR\u00c1N APLICARSE PRESENCIALMETNE LA PRUEBA ESPEC\u00cdFICA <span style=\"color: #ff0000;\" data-darkreader-inline-color=\"\">EL D\u00cdA Y LA HORA EXACTA YA ESTABLECIDA EN LA FOTOGRAF\u00cdA CON EL CALENDARIO PUBLICADO MAS ABAJO EN ESTA PAGINA.<\/span><\/strong><\/span><\/h5><p style=\"text-align: center;\"><strong><span style=\"color: #000000; --darkreader-inline-color: var(--darkreader-text-000000, #181a1b);\" data-darkreader-inline-color=\"\">__________________________________________________________________________________<\/span><\/strong><\/p><h3 style=\"text-align: center;\"><span style=\"text-decoration: underline;\"><strong><span style=\"color: #ff0000; --darkreader-inline-color: var(--darkreader-text-ff0000, #f30000); text-decoration: underline;\" data-darkreader-inline-color=\"\">PASO No. 01:<\/span><\/strong><\/span><\/h3><p style=\"text-align: center;\">\ud83d\udc47\ud83c\udffb\ud83d\udc47\ud83c\udffb\ud83d\udc47\ud83c\udffb\ud83d\udc47\ud83c\udffb\ud83d\udc47\ud83c\udffb\ud83d\udc47\ud83c\udffb<\/p><h4 style=\"text-align: justify;\"><strong><span style=\"color: #800080; --darkreader-inline-color: var(--darkreader-text-800080, #930093);\" data-darkreader-inline-color=\"\">FECHAS Y LUGARES PARA LA APLICACI\u00d3N PRESENCIAL DE LA PRUEBA ESPEC\u00cdFICA PARA LA CARRERA DE TU ELECCI\u00d3N:<\/span><\/strong><\/h4><h6 style=\"text-align: center;\"><span style=\"text-decoration: underline; color: #ff0000;\" data-darkreader-inline-color=\"\"><span style=\"--darkreader-inline-color: var(--darkreader-text-ff0000, #f30000);\"><strong>PROFESORADO DE ENSE\u00d1ANZA MEDIA EN PEDAGOG\u00cdA Y ADMINISTRACI\u00d3N EDUCATIVA:\u00a0<\/strong><\/span><\/span><\/h6><h6 style=\"text-align: center;\"><span style=\"color: #0000ff; --darkreader-inline-color: var(--darkreader-text-000000, #181a1b);\" data-darkreader-inline-color=\"\"><strong>s\u00e1bado 18 de octubre a las 11:00 hrs.<\/strong><\/span><\/h6><h6 style=\"text-align: center;\"><span style=\"color: #000000;\" data-darkreader-inline-color=\"\"><strong>Escuela Tipo Federaci\u00f3n \u201cSalom\u00f3n Carrillo Ram\u00edrez\u201d, Jutiapa.<\/strong><\/span><\/h6><p style=\"text-align: center;\"><strong><span style=\"color: #000000; --darkreader-inline-color: var(--darkreader-text-000000, #181a1b);\" data-darkreader-inline-color=\"\">__________________________________________________________________________________<\/span><\/strong><\/p><h6 style=\"text-align: center;\"><span style=\"text-decoration: underline; color: #ff6600;\" data-darkreader-inline-color=\"\"><span style=\"--darkreader-inline-color: var(--darkreader-text-ff6600, #f36100);\"><strong>LICENCIATURA EN CONTADUR\u00cdA P\u00daBLICA Y AUDITOR\u00cdA:<\/strong><\/span><\/span><\/h6><h6 style=\"text-align: center;\"><span style=\"color: #0000ff; --darkreader-inline-color: var(--darkreader-text-000000, #181a1b);\" data-darkreader-inline-color=\"\"><strong>s\u00e1bado 18 de octubre a las 10:00 hrs.<\/strong><\/span><\/h6><h6 style=\"text-align: center;\"><span style=\"color: #000000;\" data-darkreader-inline-color=\"\"><strong>Escuela Urbana Mixta \u201cBarrio el C\u00f3ndor\u201d, Jutiapa.<\/strong><\/span><strong style=\"font-size: 16px;\">\u00a0<\/strong><\/h6><p style=\"text-align: center;\"><span style=\"color: #000000;\" data-darkreader-inline-color=\"\"><strong>__________________________________________________________________________________<\/strong><\/span><\/p><h6 style=\"text-align: center;\"><span style=\"text-decoration: underline; color: #800080;\" data-darkreader-inline-color=\"\"><span style=\"--darkreader-inline-color: var(--darkreader-text-800080, #930093);\"><strong>LICENCIATURA EN ADMINISTRACI\u00d3N DE EMPRESAS:<\/strong><\/span><\/span><\/h6><h6 style=\"text-align: center;\"><span style=\"color: #0000ff; --darkreader-inline-color: var(--darkreader-text-000000, #181a1b);\" data-darkreader-inline-color=\"\"><strong>domingo 19 de octubre a las 09:00 hrs.<\/strong><\/span><\/h6><h6 style=\"text-align: center;\"><span style=\"color: #000000;\" data-darkreader-inline-color=\"\"><strong>Escuela Urbana Mixta \u201cBarrio el C\u00f3ndor\u201d, Jutiapa.<\/strong><strong>\u00a0<\/strong><\/span><\/h6><p style=\"text-align: center;\"><span style=\"color: #000000;\" data-darkreader-inline-color=\"\"><strong>__________________________________________________________________________________<\/strong><\/span><\/p><h6 style=\"text-align: center;\"><span style=\"text-decoration: underline; color: #008000;\" data-darkreader-inline-color=\"\"><span style=\"--darkreader-inline-color: var(--darkreader-text-008000, #009300);\"><strong>INGENIERO AGR\u00d3NOMO EN SISTEMAS DE PRODUCCI\u00d3N AGR\u00cdCOLA:<\/strong><\/span><\/span><\/h6><h6 style=\"text-align: center;\"><span style=\"color: #0000ff; --darkreader-inline-color: var(--darkreader-text-000000, #181a1b);\" data-darkreader-inline-color=\"\"><strong>jueves 16 de octubre a las 15:00 hrs.<\/strong><\/span><\/h6><h6 style=\"text-align: center;\"><span style=\"color: #000000; --darkreader-inline-color: var(--darkreader-text-000000, #181a1b);\" data-darkreader-inline-color=\"\"><strong>Escuela Urbana Mixta \u201cBarrio Latino\u201d, Jutiapa.<\/strong><\/span><\/h6><p style=\"text-align: center;\"><span style=\"color: #000000;\" data-darkreader-inline-color=\"\"><strong>__________________________________________________________________________________<\/strong><\/span><\/p><h6 style=\"text-align: center;\"><span style=\"text-decoration: underline; color: #3366ff;\" data-darkreader-inline-color=\"\"><span style=\"--darkreader-inline-color: var(--darkreader-text-000080, #000093);\"><strong>LICENCIATURA EN CIENCIAS JUR\u00cdDICAS Y SOCIALES, ABOGADO Y NOTARIO:<\/strong><\/span><\/span><\/h6><h6 style=\"text-align: center;\"><span style=\"color: #0000ff; --darkreader-inline-color: var(--darkreader-text-000000, #181a1b);\" data-darkreader-inline-color=\"\"><strong>jueves 16 de octubre a las 18:00 hrs.<\/strong><\/span><\/h6><h6 style=\"text-align: center;\"><span style=\"color: #000000;\" data-darkreader-inline-color=\"\"><strong>Instituto Experimental \u201cEfra\u00edn N\u00e1jera Farf\u00e1n\u201d, Jutiapa.<\/strong><\/span><\/h6><p style=\"text-align: center;\"><span style=\"color: #000000;\" data-darkreader-inline-color=\"\"><strong>__________________________________________________________________________________<\/strong><\/span><\/p><h3 style=\"text-align: center;\"><span style=\"text-decoration: underline; color: #ff0000;\" data-darkreader-inline-color=\"\"><span style=\"--darkreader-inline-color: var(--darkreader-text-ff0000, #f30000);\"><strong>PASO NO. 02:<\/strong><\/span><\/span><\/h3><p style=\"text-align: center;\">\ud83d\udc47\ud83c\udffb\ud83d\udc47\ud83c\udffb\ud83d\udc47\ud83c\udffb\ud83d\udc47\ud83c\udffb\ud83d\udc47\ud83c\udffb\ud83d\udc47\ud83c\udffb<\/p><h4 style=\"text-align: justify;\"><strong><span style=\"color: #800080; --darkreader-inline-color: var(--darkreader-text-800080, #930093);\" data-darkreader-inline-color=\"\">REQUISITOS QUE DEBE DE PRESENTAR EL(LA) ASPIRANTE DE PRIMER INGRESO, PREVIO A INGRESAR AL LUGAR PARA APLICARSE LA PRUEBA ESPEC\u00cdFICA:<\/span><\/strong><\/h4><h6 style=\"text-align: justify;\"><strong><span style=\"color: #000000;\" data-darkreader-inline-color=\"\">las y los aspirantes de primer ingreso <span style=\"color: #ff0000;\" data-darkreader-inline-color=\"\">deben de <span style=\"color: #008000;\" data-darkreader-inline-color=\"\">\u00abpresentarse personalmente\u00bb<\/span> el d\u00eda y la hora de acuerdo a la carrera de su elecci\u00f3n y <span style=\"color: #0000ff;\" data-darkreader-inline-color=\"\">previo a ingresar al sal\u00f3n para aplicarse la prueba especifica, debiendo de presentar lo siguiente<\/span><\/span>:<\/span><\/strong><\/h6><h6 style=\"text-align: center;\"><span style=\"color: #0000ff;\" data-darkreader-inline-color=\"\"><strong><span style=\"color: #800080;\" data-darkreader-inline-color=\"\">1.<\/span> hoja impresa con los resultados de la prueba de conocimientos b\u00e1sicos <span style=\"color: #ff0000;\" data-darkreader-inline-color=\"\">\u00absatisfactorio\u00bb de <span style=\"color: #008000;\" data-darkreader-inline-color=\"\">lenguaje o matem\u00e1tica<\/span><\/span><\/strong><\/span><\/h6><h6><img fetchpriority=\"high\" decoding=\"async\" class=\"alignnone size-medium wp-image-24830 aligncenter\" src=\"https:\/\/jusac.usac.edu.gt\/wp-content\/uploads\/2022\/10\/2022012345-300x211.jpg\" alt=\"\" width=\"300\" height=\"211\" \/><\/h6><h6 style=\"text-align: center;\"><span style=\"color: #0000ff;\" data-darkreader-inline-color=\"\"><strong>si extraviaste y no posees dicho resultado en formato digital .pdf o impreso, debido a que, la prueba de conocimientos b\u00e1sicos la aprobaste hace mucho tiempo y extraviaste este resultado, env\u00eda un mensaje por facebook messenger a la pagina encargada de reponer y entregar estos resultados:<\/strong><\/span><\/h6><p style=\"text-align: center;\">\ud83d\udc47\ud83c\udffb\ud83d\udc47\ud83c\udffb\ud83d\udc47\ud83c\udffb\ud83d\udc47\ud83c\udffb\ud83d\udc47\ud83c\udffb\ud83d\udc47\ud83c\udffb<\/p><h4 style=\"text-align: center;\"><span style=\"color: #ff00ff;\" data-darkreader-inline-color=\"\"><a style=\"color: #ff00ff;\" href=\"https:\/\/www.facebook.com\/SUNUSAC\" target=\"_blank\" rel=\"noopener\" data-darkreader-inline-color=\"\"><strong>https:\/\/www.facebook.com\/SUNUSAC<\/strong><\/a><\/span><\/h4><h6 style=\"text-align: center;\"><strong><span style=\"color: #000080;\" data-darkreader-inline-color=\"\">O intenta reponerlos, descarg\u00e1ndolos e imprimi\u00e9ndolos tu mismo(a), siguiendo todos los pasos del siguiente video tutorial:<\/span><\/strong><\/h6><p style=\"text-align: center;\">\ud83d\udc47\ud83c\udffb\ud83d\udc47\ud83c\udffb\ud83d\udc47\ud83c\udffb\ud83d\udc47\ud83c\udffb\ud83d\udc47\ud83c\udffb\ud83d\udc47\ud83c\udffb<\/p><p><iframe title=\"\ud83d\udcbbC\u00f3mo ver mis RESULTADOS Y D3scargar la CONSTANCIA de la Prueba de Conocimientos B\u00e1sicos | USAC-2027\" width=\"1140\" height=\"641\" src=\"https:\/\/www.youtube.com\/embed\/GqCXmChhh4s?feature=oembed\" frameborder=\"0\" allow=\"accelerometer; autoplay; clipboard-write; encrypted-media; gyroscope; picture-in-picture; web-share\" referrerpolicy=\"strict-origin-when-cross-origin\" allowfullscreen><\/iframe><\/p><h4 style=\"text-align: center;\">\u00a0<\/h4><h6 style=\"text-align: center;\"><strong style=\"color: #000000; font-size: 16px;\" data-darkreader-inline-color=\"\"><span style=\"color: #0000ff;\" data-darkreader-inline-color=\"\"><span style=\"color: #800080;\" data-darkreader-inline-color=\"\">2.<\/span> <span style=\"color: #ff0000;\" data-darkreader-inline-color=\"\">si eres mayor de edad,<\/span> presentar su documento personal de identificaci\u00f3n <span style=\"color: #ff0000;\" data-darkreader-inline-color=\"\">-DPI-, <span style=\"color: #008000;\" data-darkreader-inline-color=\"\">licencia de conducir o pasaporte:<\/span><\/span><\/span><\/strong><\/h6><h6 style=\"text-align: center;\"><span style=\"color: #800080;\" data-darkreader-inline-color=\"\"><b style=\"color: #800080;\" data-darkreader-inline-color=\"\"><img decoding=\"async\" class=\"alignleft\" src=\"https:\/\/vocacional.usac.edu.gt\/static\/img\/pasos\/DPI.PNG\" width=\"224\" height=\"141\" \/><img decoding=\"async\" class=\"alignright\" src=\"https:\/\/vocacional.usac.edu.gt\/static\/img\/pasos\/LICENCIA_CONDUCIR.PNG\" width=\"218\" height=\"137\" \/><img loading=\"lazy\" decoding=\"async\" class=\"aligncenter\" src=\"https:\/\/vocacional.usac.edu.gt\/static\/img\/pasos\/PASAPORTE.PNG\" width=\"238\" height=\"161\" \/><\/b><\/span><\/h6><h6 style=\"text-align: center;\"><strong style=\"color: #000000; font-size: 16px;\" data-darkreader-inline-color=\"\"><span style=\"color: #0000ff;\" data-darkreader-inline-color=\"\"><span style=\"color: #800080;\" data-darkreader-inline-color=\"\">3.<\/span><span style=\"color: #ff0000;\" data-darkreader-inline-color=\"\"> si eres menor de edad,<\/span> partida de nacimiento impresa extendida por el registro nacional de personas <span style=\"color: #ff0000;\" data-darkreader-inline-color=\"\">-RENAP-<\/span> impresa con fotograf\u00eda o cualquiera de las siguientes 02 opciones:<\/span><\/strong><b style=\"color: #800080;\" data-darkreader-inline-color=\"\"><span style=\"color: #0000ff;\" data-darkreader-inline-color=\"\">.<\/span><\/b><\/h6><h5 style=\"text-align: center;\">\u00a0<\/h5><h5 style=\"text-align: center;\"><span style=\"color: #800080;\" data-darkreader-inline-color=\"\"><b style=\"color: #800080;\" data-darkreader-inline-color=\"\"><span style=\"color: #0000ff;\" data-darkreader-inline-color=\"\">\u00a0 \u00a0 &#8211; Si presenta la partida de nacimiento original <span style=\"color: #ff0000;\" data-darkreader-inline-color=\"\">\u00abque incluya la fotograf\u00eda del aspirante\u00bb:<\/span><\/span><\/b><\/span><\/h5><p style=\"text-align: center;\"><img loading=\"lazy\" decoding=\"async\" class=\"\" src=\"https:\/\/vocacional.usac.edu.gt\/static\/img\/pasos\/CERTIFICADO_DE_NACIMIENTO.PNG\" width=\"210\" height=\"252\" \/><\/p><h5 style=\"text-align: center;\"><span style=\"color: #800080;\" data-darkreader-inline-color=\"\"><b style=\"color: #800080;\" data-darkreader-inline-color=\"\"><span style=\"color: #0000ff;\" data-darkreader-inline-color=\"\">-Si es menor de edad, pero no tiene una partida de nacimiento con su fotografia; entonces, presente su <span style=\"color: #008000;\" data-darkreader-inline-color=\"\">Carn\u00e9\u00a0 Estudiantil<\/span> <span style=\"color: #ff0000;\" data-darkreader-inline-color=\"\">fabricado en PVC o cart\u00f3n,<\/span> vigente con el logotipo o sello oficial del establecimiento <span style=\"color: #ff6600;\" data-darkreader-inline-color=\"\">(instituto o colegio)<\/span> de diversificadom en donde adem\u00e1s haga constar, que cursa actualmente el ultimo a\u00f1o de su carrera de diversificado<\/span><span style=\"color: #0000ff;\" data-darkreader-inline-color=\"\">.<\/span><\/b><\/span><\/h5><h5 style=\"text-align: center;\"><span style=\"color: #800080;\" data-darkreader-inline-color=\"\"><b style=\"color: #800080;\" data-darkreader-inline-color=\"\"><img loading=\"lazy\" decoding=\"async\" class=\"aligncenter\" src=\"https:\/\/vocacional.usac.edu.gt\/static\/img\/pasos\/CARNE_ESCOLAR.PNG\" width=\"226\" height=\"148\" \/><br \/><span style=\"color: #0000ff;\" data-darkreader-inline-color=\"\">\u00a0 \u00a0 \u00a0 \u00a0 \u00a0 \u00a0 &#8211; Si es menor de edad, pero no tiene una partida de nacimiento con su fotograf\u00eda y tampoco su establecimiento educativo <span style=\"color: #ff6600;\" data-darkreader-inline-color=\"\">(instituto o colegio)<\/span> <span style=\"color: #008000;\" data-darkreader-inline-color=\"\">no le proporcion\u00f3 un carnet estudiantil;<\/span> entonces, solicite la elaboraci\u00f3n de una carta o nota del establecimiento, <span style=\"color: #ff0000;\" data-darkreader-inline-color=\"\">con firma original del director del establecimiento <\/span><\/span><\/b><\/span><span style=\"color: #800080;\" data-darkreader-inline-color=\"\"><b style=\"color: #800080;\" data-darkreader-inline-color=\"\"><span style=\"color: #0000ff;\" data-darkreader-inline-color=\"\"><span style=\"color: #ff6600;\" data-darkreader-inline-color=\"\">(instituto o colegio),\u00a0 con una fotograf\u00eda pegada impresa del aspirante,<\/span><\/span><\/b><\/span><b style=\"color: #800080;\" data-darkreader-inline-color=\"\"><span style=\"color: #0000ff;\" data-darkreader-inline-color=\"\">\u00a0<\/span><span style=\"color: #0000ff;\" data-darkreader-inline-color=\"\">donde haga constar que cursa el \u00faltimo a\u00f1o de su carrera de diversificado.<\/span><\/b><\/h5><p style=\"text-align: center;\"><img loading=\"lazy\" decoding=\"async\" class=\"\" src=\"https:\/\/vocacional.usac.edu.gt\/static\/img\/pasos\/CARTA_ESTABLECIMIENTO.PNG\" width=\"234\" height=\"268\" \/><\/p><h5 style=\"text-align: center;\"><span style=\"color: #008000;\" data-darkreader-inline-color=\"\"><strong><span style=\"color: #800000;\" data-darkreader-inline-color=\"\">NO DEBEN DE LLEVAR Y PRESENTAR TODOS LOS DOCUMENTOS DESCRITOS,<\/span> <span style=\"color: #ff0000;\" data-darkreader-inline-color=\"\">SOLAMENTE LLEVE Y PRESENTE UNO,<\/span> <span style=\"color: #800000;\" data-darkreader-inline-color=\"\">EL QUE TENGA MAS A A LA MANO EN ORIGINAL<\/span><\/strong><\/span><\/h5><h6 style=\"text-align: center;\"><span style=\"color: #008000;\" data-darkreader-inline-color=\"\"><strong>de acuerdo al siguiente calendario programado para la aplicaci\u00f3n de la actual oportunidad:<\/strong><\/span><\/h6><p style=\"text-align: center;\">\ud83d\udc47\ud83c\udffb\ud83d\udc47\ud83c\udffb\ud83d\udc47\ud83c\udffb\ud83d\udc47\ud83c\udffb\ud83d\udc47\ud83c\udffb\ud83d\udc47\ud83c\udffb<\/p><h5 style=\"text-align: center;\"><span style=\"color: #0000ff;\" data-darkreader-inline-color=\"\"><strong>\u00abla aplicaci\u00f3n de la prueba especifica tiene una duraci\u00f3n de 01 hora, favor de presentarse unos 15 minutos antes de la hora citada\u00bb<\/strong><\/span><\/h5><h4 style=\"text-align: center;\"><span style=\"color: #000000;\" data-darkreader-inline-color=\"\"><strong>__________________________________________________________________________________<\/strong><\/span><\/h4><h4 style=\"text-align: center;\"><span style=\"color: #000000;\" data-darkreader-inline-color=\"\"><strong>__________________________________________________________________________________<\/strong><\/span><\/h4><h4 style=\"text-align: center;\"><span style=\"color: #003300;\"><strong style=\"font-size: 1.5em;\">\u00bfDUDAS O TIENES ALGUN PROBLEMA?\u00a0<\/strong><\/span><\/h4><div><div dir=\"auto\" style=\"text-align: justify;\"><div style=\"text-align: center;\"><span style=\"color: #003300;\"><b>env\u00edanos<\/b><b> un mensaje en el icono verde y redondo de whatsapp ubicado en la parte inferior derecha o escr\u00edbenos al CORREO ELECTR\u00d3<\/b><b>NICO DE CONTROL ACAD\u00c9MICO:<\/b> <span style=\"color: #0000ff;\" data-darkreader-inline-color=\"\">controlacademicojusac@gmail.com<\/span><\/span><\/div><h3 style=\"text-align: center;\">\u00a0<\/h3><h2 style=\"text-align: center;\"><strong><span style=\"color: #000000;\" data-darkreader-inline-color=\"\">\u00abID Y ENSE\u00d1AD A TODOS\u00bb<\/span><\/strong><\/h2><\/div><\/div>\t\t\t\t\t\t\t\t<\/div>\n\t\t\t\t<\/div>\n\t\t\t\t\t<\/div>\n\t\t<\/div>\n\t\t\t\t\t<\/div>\n\t\t<\/section>\n\t\t\t\t<\/div>\n\t\t","protected":false},"excerpt":{"rendered":"<p>APLICACI\u00d3N PRESENCIAL DE LA PRUEBA ESPEC\u00cdFICA EN LA CARRERA QUE HAYA ELEGIDO ESTUDIAR ENL CENTRO UNIVERSITARIO DE JUTIAPA, -JUSAC-: __________________________________________________________________________________ SOLAMENTE LOS ASPIRANTES DE PRIMER INGRESO 2026 Y ESTUDIANTES YA INSCRITOS EN OTRA CARRERA, QUE PREVIAMENTE SE HAYAN INSCRITO Y ASIGNADOS POR MEDIO DEL FORMULARIO DE GOOGLEFORMS, PODR\u00c1N APLICARSE PRESENCIALMETNE LA PRUEBA ESPEC\u00cdFICA EL D\u00cdA [&hellip;]<\/p>\n","protected":false},"author":2,"featured_media":0,"parent":38,"menu_order":8,"comment_status":"closed","ping_status":"closed","template":"","meta":{"_joinchat":[],"footnotes":""},"class_list":["post-16345","page","type-page","status-publish","czr-hentry"],"_links":{"self":[{"href":"https:\/\/jusac-nuevo.usac.edu.gt\/index.php?rest_route=\/wp\/v2\/pages\/16345","targetHints":{"allow":["GET"]}}],"collection":[{"href":"https:\/\/jusac-nuevo.usac.edu.gt\/index.php?rest_route=\/wp\/v2\/pages"}],"about":[{"href":"https:\/\/jusac-nuevo.usac.edu.gt\/index.php?rest_route=\/wp\/v2\/types\/page"}],"author":[{"embeddable":true,"href":"https:\/\/jusac-nuevo.usac.edu.gt\/index.php?rest_route=\/wp\/v2\/users\/2"}],"replies":[{"embeddable":true,"href":"https:\/\/jusac-nuevo.usac.edu.gt\/index.php?rest_route=%2Fwp%2Fv2%2Fcomments&post=16345"}],"version-history":[{"count":0,"href":"https:\/\/jusac-nuevo.usac.edu.gt\/index.php?rest_route=\/wp\/v2\/pages\/16345\/revisions"}],"up":[{"embeddable":true,"href":"https:\/\/jusac-nuevo.usac.edu.gt\/index.php?rest_route=\/wp\/v2\/pages\/38"}],"wp:attachment":[{"href":"https:\/\/jusac-nuevo.usac.edu.gt\/index.php?rest_route=%2Fwp%2Fv2%2Fmedia&parent=16345"}],"curies":[{"name":"wp","href":"https:\/\/api.w.org\/{rel}","templated":true}]}}